{"id":8910,"date":"2025-01-21T07:57:53","date_gmt":"2025-01-21T07:57:53","guid":{"rendered":"https:\/\/spswierzno.edu.pl\/?page_id=8910"},"modified":"2025-01-21T07:59:21","modified_gmt":"2025-01-21T07:59:21","slug":"przydatne-linki-www","status":"publish","type":"page","link":"https:\/\/spswierzno.edu.pl\/?page_id=8910","title":{"rendered":"Przydatne strony internetowe"},"content":{"rendered":"<h4 style=\"text-align: left;\"><strong><em>Strony internetowe, z kt\u00f3rych mo\u017cecie skorzysta\u0107:<\/em><\/strong><\/h4>\n<p><a href=\"https:\/\/brpd.gov.pl\/\">https:\/\/brpd.gov.pl\/<\/a> &#8211; Rzecznik Praw Dziecka<\/p>\n<p><a href=\"https:\/\/fdds.pl\/co-robimy.html\">https:\/\/fdds.pl\/co-robimy.html<\/a> &#8211; pomoc dzieciom krzywdzonym<\/p>\n<p><a href=\"https:\/\/mlodeglowy.pl\/kompendium-wiedzy\/\">https:\/\/mlodeglowy.pl\/kompendium-wiedzy\/<\/a> &#8211; M\u0142ode G\u0142owy; otwarcie o zdrowiu psychicznym<\/p>\n<p><a href=\"http:\/\/dzieckowsieci.fdn.pl\/\"><strong>http:\/\/dzieckowsieci.fdn.pl\/<\/strong><\/a> portal promuj\u0105cy zasady bezpiecznego korzystania z&nbsp;Internetu, dobre wprowadzenie dla rodzic\u00f3w zaczynaj\u0105cych przygod\u0119 z&nbsp;Internetem<\/p>\n<p><a href=\"http:\/\/www.sieciaki.pl\/\"><strong>http:\/\/www.sieciaki.pl\/<\/strong><\/a> portal dla dzieci promuj\u0105cy zasady bezpiecznego Internetu<\/p>\n<p><a href=\"https:\/\/pedagogika-specjalna.edu.pl\/kategoria\/strefa-rodzica\/\">https:\/\/pedagogika-specjalna.edu.pl\/kategoria\/strefa-rodzica\/<\/a> &#8211; <em>Rady dla rodzic\u00f3w dotycz\u0105ce wychowania, kszta\u0142cenia, rewalidacji i rehabilitacji dzieci, recenzje ksi\u0105\u017cek, artyku\u0142y, wywiady<\/em><\/p>\n","protected":false},"excerpt":{"rendered":"<p>Strony internetowe, z kt\u00f3rych mo\u017cecie skorzysta\u0107: https:\/\/brpd.gov.pl\/ &#8211; Rzecznik Praw Dziecka https:\/\/fdds.pl\/co-robimy.html &#8211; pomoc dzieciom krzywdzonym https:\/\/mlodeglowy.pl\/kompendium-wiedzy\/ &#8211; M\u0142ode G\u0142owy; otwarcie o zdrowiu psychicznym http:\/\/dzieckowsieci.fdn.pl\/ portal promuj\u0105cy zasady bezpiecznego korzystania z&nbsp;Internetu, dobre wprowadzenie dla rodzic\u00f3w zaczynaj\u0105cych przygod\u0119 z&nbsp;Internetem http:\/\/www.sieciaki.pl\/ portal dla dzieci promuj\u0105cy zasady bezpiecznego Internetu https:\/\/pedagogika-specjalna.edu.pl\/kategoria\/strefa-rodzica\/ &#8211; Rady dla rodzic\u00f3w dotycz\u0105ce wychowania, kszta\u0142cenia, rewalidacji\u2026 <span class=\"read-more\"><a href=\"https:\/\/spswierzno.edu.pl\/?page_id=8910\">Dowiedz si\u0119 wi\u0119cej &raquo;<\/a><\/span><\/p>\n","protected":false},"author":1,"featured_media":0,"parent":0,"menu_order":0,"comment_status":"closed","ping_status":"closed","template":"","meta":{"ngg_post_thumbnail":0,"footnotes":""},"class_list":["post-8910","page","type-page","status-publish","hentry"],"_links":{"self":[{"href":"https:\/\/spswierzno.edu.pl\/index.php?rest_route=\/wp\/v2\/pages\/8910","targetHints":{"allow":["GET"]}}],"collection":[{"href":"https:\/\/spswierzno.edu.pl\/index.php?rest_route=\/wp\/v2\/pages"}],"about":[{"href":"https:\/\/spswierzno.edu.pl\/index.php?rest_route=\/wp\/v2\/types\/page"}],"author":[{"embeddable":true,"href":"https:\/\/spswierzno.edu.pl\/index.php?rest_route=\/wp\/v2\/users\/1"}],"replies":[{"embeddable":true,"href":"https:\/\/spswierzno.edu.pl\/index.php?rest_route=%2Fwp%2Fv2%2Fcomments&post=8910"}],"version-history":[{"count":3,"href":"https:\/\/spswierzno.edu.pl\/index.php?rest_route=\/wp\/v2\/pages\/8910\/revisions"}],"predecessor-version":[{"id":8914,"href":"https:\/\/spswierzno.edu.pl\/index.php?rest_route=\/wp\/v2\/pages\/8910\/revisions\/8914"}],"wp:attachment":[{"href":"https:\/\/spswierzno.edu.pl\/index.php?rest_route=%2Fwp%2Fv2%2Fmedia&parent=8910"}],"curies":[{"name":"wp","href":"https:\/\/api.w.org\/{rel}","templated":true}]}}