{"id":8906,"date":"2025-01-21T07:53:14","date_gmt":"2025-01-21T07:53:14","guid":{"rendered":"https:\/\/spswierzno.edu.pl\/?page_id=8906"},"modified":"2025-01-21T07:53:14","modified_gmt":"2025-01-21T07:53:14","slug":"numery-telefonow-zaufania","status":"publish","type":"page","link":"https:\/\/spswierzno.edu.pl\/?page_id=8906","title":{"rendered":"Numery telefon\u00f3w zaufania"},"content":{"rendered":"<p style=\"text-align: left;\"><strong><em>Zwr\u00f3\u0107 si\u0119 o pomoc do pedagoga szkolnego lub pedagoga specjalnego <\/em><\/strong><strong><em>lub skorzystaj z bezp\u0142atnej infolinii:<\/em><\/strong><\/p>\n<p style=\"text-align: left;\"><strong><em>&nbsp;<\/em><\/strong><\/p>\n<p style=\"text-align: left;\"><strong><em>800 12 12 12 \u2013 Dzieci\u0119cy Telefon Zaufania Rzecznika Praw Dziecka<\/em><\/strong><\/p>\n<p style=\"text-align: left;\"><strong><em>&nbsp;<\/em><\/strong><\/p>\n<p style=\"text-align: left;\"><strong><em>116&nbsp;111 \u2013 Telefon zaufania dla dzieci i m\u0142odzie\u017cy<\/em><\/strong><\/p>\n<p style=\"text-align: left;\"><em>Telefon 116 111 dzia\u0142a przez 7 dni w tygodniu, w godzinach 12:00 &#8211; 2:00, mo\u017cna&nbsp;tak\u017ce zarejestrowa\u0107 si\u0119 na stronie&nbsp;<\/em><a href=\"https:\/\/116111.pl\/\"><em>https:\/\/116111.pl\/<\/em><\/a><em>&nbsp;oraz napisa\u0107 wiadomo\u015b\u0107 e-mail.<\/em><\/p>\n<p style=\"text-align: left;\"><strong><em>&nbsp;<\/em><\/strong><\/p>\n<p style=\"text-align: left;\"><strong><em>116&nbsp;123 \u2013 Telefon zaufania dla doros\u0142ych w kryzysie emocjonalnym<\/em><\/strong><\/p>\n","protected":false},"excerpt":{"rendered":"<p>Zwr\u00f3\u0107 si\u0119 o pomoc do pedagoga szkolnego lub pedagoga specjalnego lub skorzystaj z bezp\u0142atnej infolinii: &nbsp; 800 12 12 12 \u2013 Dzieci\u0119cy Telefon Zaufania Rzecznika Praw Dziecka &nbsp; 116&nbsp;111 \u2013 Telefon zaufania dla dzieci i m\u0142odzie\u017cy Telefon 116 111 dzia\u0142a przez 7 dni w tygodniu, w godzinach 12:00 &#8211; 2:00, mo\u017cna&nbsp;tak\u017ce zarejestrowa\u0107 si\u0119 na stronie&nbsp;https:\/\/116111.pl\/&nbsp;oraz\u2026 <span class=\"read-more\"><a href=\"https:\/\/spswierzno.edu.pl\/?page_id=8906\">Dowiedz si\u0119 wi\u0119cej &raquo;<\/a><\/span><\/p>\n","protected":false},"author":1,"featured_media":0,"parent":0,"menu_order":0,"comment_status":"closed","ping_status":"closed","template":"","meta":{"ngg_post_thumbnail":0,"footnotes":""},"class_list":["post-8906","page","type-page","status-publish","hentry"],"_links":{"self":[{"href":"https:\/\/spswierzno.edu.pl\/index.php?rest_route=\/wp\/v2\/pages\/8906","targetHints":{"allow":["GET"]}}],"collection":[{"href":"https:\/\/spswierzno.edu.pl\/index.php?rest_route=\/wp\/v2\/pages"}],"about":[{"href":"https:\/\/spswierzno.edu.pl\/index.php?rest_route=\/wp\/v2\/types\/page"}],"author":[{"embeddable":true,"href":"https:\/\/spswierzno.edu.pl\/index.php?rest_route=\/wp\/v2\/users\/1"}],"replies":[{"embeddable":true,"href":"https:\/\/spswierzno.edu.pl\/index.php?rest_route=%2Fwp%2Fv2%2Fcomments&post=8906"}],"version-history":[{"count":1,"href":"https:\/\/spswierzno.edu.pl\/index.php?rest_route=\/wp\/v2\/pages\/8906\/revisions"}],"predecessor-version":[{"id":8908,"href":"https:\/\/spswierzno.edu.pl\/index.php?rest_route=\/wp\/v2\/pages\/8906\/revisions\/8908"}],"wp:attachment":[{"href":"https:\/\/spswierzno.edu.pl\/index.php?rest_route=%2Fwp%2Fv2%2Fmedia&parent=8906"}],"curies":[{"name":"wp","href":"https:\/\/api.w.org\/{rel}","templated":true}]}}