{"id":8899,"date":"2025-01-21T07:36:34","date_gmt":"2025-01-21T07:36:34","guid":{"rendered":"https:\/\/spswierzno.edu.pl\/?page_id=8899"},"modified":"2025-01-21T07:38:06","modified_gmt":"2025-01-21T07:38:06","slug":"szkolne-kolo-caritas","status":"publish","type":"page","link":"https:\/\/spswierzno.edu.pl\/?page_id=8899","title":{"rendered":"Szkolne Ko\u0142o Caritas"},"content":{"rendered":"<h4 class=\"western\" style=\"text-align: left;\" align=\"left\"><span style=\"font-size: x-large;\"><b>G\u0142\u00f3wne cele pracy Szkolnego Ko\u0142a Caritas<\/b><\/span><b> <\/b><\/h4>\n<ul style=\"text-align: left;\">\n<li><span style=\"font-size: large;\">pog\u0142\u0119bianie znajomo\u015bci nauki Chrystusa, g\u0142\u00f3wnie o mi\u0142osierdziu Bo\u017cym, <\/span><\/li>\n<li><span style=\"font-size: large;\">uwra\u017cliwianie uczni\u00f3w na r\u00f3\u017cne obszary ludzkiej biedy: moralnej, duchowej i materialnej, <\/span><\/li>\n<li><span style=\"font-size: large;\">kszta\u0142towanie osobowo\u015bci ucznia Jezusa na wz\u00f3r Samarytanina, przypowie\u015b\u0107 o Mi\u0142osiernym Samarytaninie, <\/span><\/li>\n<li><span style=\"font-size: large;\">troska o zdobywanie wiedzy religijnej i pog\u0142\u0119bianie swojej przyja\u017ani z Jezusem poprzez regularne praktyki religijne, <\/span><\/li>\n<li><span style=\"font-size: large;\">wsp\u00f3\u0142praca z CARITAS Diecezji i innymi organizacjami spo\u0142ecznymi, <\/span><\/li>\n<li><span style=\"font-size: large;\">roz<\/span><span style=\"font-size: large;\">po<\/span><span style=\"font-size: large;\">znawanie konkretnych potrzeb w najbli\u017cszym \u015brodowisku oraz organizowanie pomocy,<\/span><\/li>\n<li><span style=\"font-size: large;\">dba\u0142o\u015b\u0107 o g\u0142\u0119bsze pojmowanie powszechno\u015bci Ko\u015bcio\u0142a poprzez kontakty i wsp\u00f3\u0142prac\u0119 z osobami i organizacjami zajmuj\u0105cymi si\u0119 misjami zagranicznymi. <\/span><\/li>\n<\/ul>\n<p><span style=\"font-size: large;\">Szkolne Ko\u0142o Caritas uczestniczy w r\u00f3\u017cnych akcjach dotycz\u0105cych <strong>pomocy dzieciom<\/strong>, <strong>chorym<\/strong>, <strong>osobom starszym<\/strong> oraz <strong>potrzebuj\u0105cym<\/strong> poprzez zbi\u00f3rki \u017cywno\u015bci i artyku\u0142\u00f3w higienicznych, a tak\u017ce sprz\u0105tania pobliskiego cmentarza, kwesty przy ko\u015bciele i wsparcie duchowe.<\/span><\/p>\n","protected":false},"excerpt":{"rendered":"<p>G\u0142\u00f3wne cele pracy Szkolnego Ko\u0142a Caritas pog\u0142\u0119bianie znajomo\u015bci nauki Chrystusa, g\u0142\u00f3wnie o mi\u0142osierdziu Bo\u017cym, uwra\u017cliwianie uczni\u00f3w na r\u00f3\u017cne obszary ludzkiej biedy: moralnej, duchowej i materialnej, kszta\u0142towanie osobowo\u015bci ucznia Jezusa na wz\u00f3r Samarytanina, przypowie\u015b\u0107 o Mi\u0142osiernym Samarytaninie, troska o zdobywanie wiedzy religijnej i pog\u0142\u0119bianie swojej przyja\u017ani z Jezusem poprzez regularne praktyki religijne, wsp\u00f3\u0142praca z CARITAS Diecezji\u2026 <span class=\"read-more\"><a href=\"https:\/\/spswierzno.edu.pl\/?page_id=8899\">Dowiedz si\u0119 wi\u0119cej &raquo;<\/a><\/span><\/p>\n","protected":false},"author":1,"featured_media":0,"parent":0,"menu_order":0,"comment_status":"closed","ping_status":"closed","template":"","meta":{"ngg_post_thumbnail":0,"footnotes":""},"class_list":["post-8899","page","type-page","status-publish","hentry"],"_links":{"self":[{"href":"https:\/\/spswierzno.edu.pl\/index.php?rest_route=\/wp\/v2\/pages\/8899","targetHints":{"allow":["GET"]}}],"collection":[{"href":"https:\/\/spswierzno.edu.pl\/index.php?rest_route=\/wp\/v2\/pages"}],"about":[{"href":"https:\/\/spswierzno.edu.pl\/index.php?rest_route=\/wp\/v2\/types\/page"}],"author":[{"embeddable":true,"href":"https:\/\/spswierzno.edu.pl\/index.php?rest_route=\/wp\/v2\/users\/1"}],"replies":[{"embeddable":true,"href":"https:\/\/spswierzno.edu.pl\/index.php?rest_route=%2Fwp%2Fv2%2Fcomments&post=8899"}],"version-history":[{"count":3,"href":"https:\/\/spswierzno.edu.pl\/index.php?rest_route=\/wp\/v2\/pages\/8899\/revisions"}],"predecessor-version":[{"id":8903,"href":"https:\/\/spswierzno.edu.pl\/index.php?rest_route=\/wp\/v2\/pages\/8899\/revisions\/8903"}],"wp:attachment":[{"href":"https:\/\/spswierzno.edu.pl\/index.php?rest_route=%2Fwp%2Fv2%2Fmedia&parent=8899"}],"curies":[{"name":"wp","href":"https:\/\/api.w.org\/{rel}","templated":true}]}}