{"id":8879,"date":"2025-01-16T11:07:31","date_gmt":"2025-01-16T11:07:31","guid":{"rendered":"https:\/\/spswierzno.edu.pl\/?page_id=8879"},"modified":"2025-01-21T07:35:08","modified_gmt":"2025-01-21T07:35:08","slug":"informacja-dla-uczniow","status":"publish","type":"page","link":"https:\/\/spswierzno.edu.pl\/?page_id=8879","title":{"rendered":"dla uczni\u00f3w"},"content":{"rendered":"<p style=\"text-align: left;\"><strong><em>Najwa\u017cniejszym partnerem w pracy pedagog jest ucze\u0144, wi\u0119c Uczniu gdy:<\/em><\/strong><\/p>\n<ol>\n<li style=\"text-align: left;\">Czujesz, \u017ce nikt Ci\u0119 nie rozumie, <strong>jeste\u015b samotny<\/strong>.<\/li>\n<li style=\"text-align: left;\"><strong>Nie potrafisz porozumie\u0107 si\u0119<\/strong> z nauczycielem\/ rodzicem\/ r\u00f3wie\u015bnikami<\/li>\n<li style=\"text-align: left;\">Masz <strong>problemy rodzinne<\/strong>, znajdujesz si\u0119 w <strong>trudnej sytuacji materialnej<\/strong>.<\/li>\n<li style=\"text-align: left;\">Chcesz <strong>podzieli\u0107 si\u0119<\/strong> swoj\u0105 <strong>rado\u015bci\u0105<\/strong>, sukcesem.<\/li>\n<li style=\"text-align: left;\"><strong>Chcia\u0142by\u015b pom\u00f3c innym<\/strong>, a nie wiesz w jaki spos\u00f3b.<\/li>\n<li style=\"text-align: left;\"><strong>Masz<\/strong> ciekawe <strong>pomys\u0142y<\/strong>, kt\u00f3rymi chcesz si\u0119 podzieli\u0107.<\/li>\n<li style=\"text-align: left;\">Masz <strong>trudno\u015bci w nauce<\/strong>.<\/li>\n<\/ol>\n","protected":false},"excerpt":{"rendered":"<p>Najwa\u017cniejszym partnerem w pracy pedagog jest ucze\u0144, wi\u0119c Uczniu gdy: Czujesz, \u017ce nikt Ci\u0119 nie rozumie, jeste\u015b samotny. Nie potrafisz porozumie\u0107 si\u0119 z nauczycielem\/ rodzicem\/ r\u00f3wie\u015bnikami Masz problemy rodzinne, znajdujesz si\u0119 w trudnej sytuacji materialnej. Chcesz podzieli\u0107 si\u0119 swoj\u0105 rado\u015bci\u0105, sukcesem. Chcia\u0142by\u015b pom\u00f3c innym, a nie wiesz w jaki spos\u00f3b. Masz ciekawe pomys\u0142y, kt\u00f3rymi chcesz\u2026 <span class=\"read-more\"><a href=\"https:\/\/spswierzno.edu.pl\/?page_id=8879\">Dowiedz si\u0119 wi\u0119cej &raquo;<\/a><\/span><\/p>\n","protected":false},"author":1,"featured_media":0,"parent":0,"menu_order":0,"comment_status":"closed","ping_status":"closed","template":"","meta":{"ngg_post_thumbnail":0,"footnotes":""},"class_list":["post-8879","page","type-page","status-publish","hentry"],"_links":{"self":[{"href":"https:\/\/spswierzno.edu.pl\/index.php?rest_route=\/wp\/v2\/pages\/8879","targetHints":{"allow":["GET"]}}],"collection":[{"href":"https:\/\/spswierzno.edu.pl\/index.php?rest_route=\/wp\/v2\/pages"}],"about":[{"href":"https:\/\/spswierzno.edu.pl\/index.php?rest_route=\/wp\/v2\/types\/page"}],"author":[{"embeddable":true,"href":"https:\/\/spswierzno.edu.pl\/index.php?rest_route=\/wp\/v2\/users\/1"}],"replies":[{"embeddable":true,"href":"https:\/\/spswierzno.edu.pl\/index.php?rest_route=%2Fwp%2Fv2%2Fcomments&post=8879"}],"version-history":[{"count":5,"href":"https:\/\/spswierzno.edu.pl\/index.php?rest_route=\/wp\/v2\/pages\/8879\/revisions"}],"predecessor-version":[{"id":8898,"href":"https:\/\/spswierzno.edu.pl\/index.php?rest_route=\/wp\/v2\/pages\/8879\/revisions\/8898"}],"wp:attachment":[{"href":"https:\/\/spswierzno.edu.pl\/index.php?rest_route=%2Fwp%2Fv2%2Fmedia&parent=8879"}],"curies":[{"name":"wp","href":"https:\/\/api.w.org\/{rel}","templated":true}]}}