{"id":8861,"date":"2025-01-16T09:52:28","date_gmt":"2025-01-16T09:52:28","guid":{"rendered":"https:\/\/spswierzno.edu.pl\/?page_id=8861"},"modified":"2025-11-12T08:58:19","modified_gmt":"2025-11-12T08:58:19","slug":"pedagog-szkolny-3","status":"publish","type":"page","link":"https:\/\/spswierzno.edu.pl\/?page_id=8861","title":{"rendered":"Pedagog szkolny"},"content":{"rendered":"<p style=\"text-align: left;\">Pedagogiem jest pani <em><strong>mgr Paulina Zaj\u0105c<br \/>\n<\/strong><\/em><\/p>\n<p>&nbsp;<\/p>\n<h4 style=\"text-align: left;\">Przyjmowanie interesant\u00f3w:<\/h4>\n<p style=\"text-align: left;\"><strong>poniedzia\u0142ek<\/strong> w godz. <strong>7:30 &#8211; 14:00<\/strong><\/p>\n<p style=\"text-align: left;\"><strong>\u015broda<\/strong> w godz. <strong>8:00 &#8211; 13:00<\/strong><\/p>\n<p style=\"text-align: left;\"><strong>czwartek<\/strong> w godz. <strong>8:00 &#8211; 14:00<\/strong><\/p>\n<p style=\"text-align: left;\"><strong>pi\u0105tek<\/strong> w godz.<strong> 8:00 &#8211; 13:00<\/strong><\/p>\n<p>&nbsp;<\/p>\n<p style=\"text-align: right;\"><strong><em>\u201ePozw\u00f3lmy dzieciom b\u0142\u0105dzi\u0107 i rado\u015bnie d\u0105\u017cy\u0107 do poprawy\u201d<\/em><\/strong><\/p>\n<p style=\"text-align: right;\"><strong><em>Janusz Korczak<\/em><\/strong><\/p>\n<p style=\"text-align: left;\"><strong>Do zada\u0144 pedagoga szkolnego nale\u017cy:<\/strong><\/p>\n<p style=\"text-align: left;\">1. <strong>Prowadzenie bada\u0144 i dzia\u0142a\u0144 diagnostycznych uczni\u00f3w<\/strong>, w tym diagnozowanie indywidualnych potrzeb rozwojowych i edukacyjnych oraz mo\u017cliwo\u015bci psychofizycznych uczni\u00f3w w celu okre\u015blenia mocnych stron, predyspozycji, zainteresowa\u0144 i uzdolnie\u0144 uczni\u00f3w oraz przyczyn niepowodze\u0144 edukacyjnych lub trudno\u015bci w funkcjonowaniu uczni\u00f3w, w tym barier i ogranicze\u0144 utrudniaj\u0105cych funkcjonowanie ucznia i jego uczestnictwo w \u017cyciu przedszkola, szko\u0142y i plac\u00f3wki;<\/p>\n<p style=\"text-align: left;\">2. <strong>Diagnozowanie<\/strong> sytuacji wychowawczych w przedszkolu, szkole lub plac\u00f3wce <strong>w celu rozwi\u0105zywania problem\u00f3w<\/strong> wychowawczych stanowi\u0105cych barier\u0119 i ograniczaj\u0105cych aktywne i pe\u0142ne uczestnictwo ucznia w \u017cyciu przedszkola, szko\u0142y i plac\u00f3wki;<\/p>\n<p style=\"text-align: left;\">3. Udzielanie uczniom <strong>pomocy psychologiczno-pedagogicznej<\/strong> w formach odpowiednich do rozpoznanych potrzeb;<\/p>\n<p style=\"text-align: left;\">4. Podejmowanie dzia\u0142a\u0144 z zakresu <strong>profilaktyki uzale\u017cnie\u0144<\/strong> i innych problem\u00f3w dzieci i m\u0142odzie\u017cy;<\/p>\n<p style=\"text-align: left;\">5. <strong>Minimalizowanie<\/strong> skutk\u00f3w <strong>zaburze\u0144 rozwojowych<\/strong>, zapobieganie <strong>zaburzeniom<\/strong> zachowania oraz inicjowanie r\u00f3\u017cnych form pomocy w \u015brodowisku przedszkolnym, szkolnym i pozaszkolnym uczni\u00f3w;<\/p>\n<p style=\"text-align: left;\">6. Inicjowanie i prowadzenie <strong>dzia\u0142a\u0144 mediacyjnych i interwencyjnych<\/strong> w <strong>sytuacjach kryzysowych<\/strong>;<\/p>\n<p style=\"text-align: left;\">7. <strong>Pomoc rodzicom i nauczycielom<\/strong> w rozpoznawaniu i rozwijaniu indywidualnych mo\u017cliwo\u015bci, predyspozycji i uzdolnie\u0144 uczni\u00f3w; <em>(Dziennik Ustaw \u2013 8 \u2013 Poz. 1591)<\/em>.<\/p>\n<p style=\"text-align: left;\">8. <strong>Wspieranie<\/strong> nauczycieli, wychowawc\u00f3w grup wychowawczych i innych specjalist\u00f3w&nbsp; w rozpoznawaniu indywidualnych potrzeb rozwojowych i edukacyjnych oraz mo\u017cliwo\u015bci psychofizycznych uczni\u00f3w w celu okre\u015blenia mocnych stron, predyspozycji, zainteresowa\u0144 i uzdolnie\u0144 uczni\u00f3w oraz przyczyn niepowodze\u0144 edukacyjnych lub trudno\u015bci w <strong>funkcjonowaniu uczni\u00f3w<\/strong>, w tym barier i ogranicze\u0144 utrudniaj\u0105cych funkcjonowanie ucznia i jego uczestnictwo w \u017cyciu przedszkola, szko\u0142y i plac\u00f3wki oraz <strong>udzielaniu pomocy psychologiczno-pedagogicznej<\/strong>.<\/p>\n<p>&nbsp;<\/p>\n","protected":false},"excerpt":{"rendered":"<p>Pedagogiem jest pani mgr Paulina Zaj\u0105c &nbsp; Przyjmowanie interesant\u00f3w: poniedzia\u0142ek w godz. 7:30 &#8211; 14:00 \u015broda w godz. 8:00 &#8211; 13:00 czwartek w godz. 8:00 &#8211; 14:00 pi\u0105tek w godz. 8:00 &#8211; 13:00 &nbsp; \u201ePozw\u00f3lmy dzieciom b\u0142\u0105dzi\u0107 i rado\u015bnie d\u0105\u017cy\u0107 do poprawy\u201d Janusz Korczak Do zada\u0144 pedagoga szkolnego nale\u017cy: 1. Prowadzenie bada\u0144 i dzia\u0142a\u0144 diagnostycznych\u2026 <span class=\"read-more\"><a href=\"https:\/\/spswierzno.edu.pl\/?page_id=8861\">Dowiedz si\u0119 wi\u0119cej &raquo;<\/a><\/span><\/p>\n","protected":false},"author":1,"featured_media":0,"parent":0,"menu_order":0,"comment_status":"closed","ping_status":"closed","template":"","meta":{"ngg_post_thumbnail":0,"footnotes":""},"class_list":["post-8861","page","type-page","status-publish","hentry"],"_links":{"self":[{"href":"https:\/\/spswierzno.edu.pl\/index.php?rest_route=\/wp\/v2\/pages\/8861","targetHints":{"allow":["GET"]}}],"collection":[{"href":"https:\/\/spswierzno.edu.pl\/index.php?rest_route=\/wp\/v2\/pages"}],"about":[{"href":"https:\/\/spswierzno.edu.pl\/index.php?rest_route=\/wp\/v2\/types\/page"}],"author":[{"embeddable":true,"href":"https:\/\/spswierzno.edu.pl\/index.php?rest_route=\/wp\/v2\/users\/1"}],"replies":[{"embeddable":true,"href":"https:\/\/spswierzno.edu.pl\/index.php?rest_route=%2Fwp%2Fv2%2Fcomments&post=8861"}],"version-history":[{"count":9,"href":"https:\/\/spswierzno.edu.pl\/index.php?rest_route=\/wp\/v2\/pages\/8861\/revisions"}],"predecessor-version":[{"id":11578,"href":"https:\/\/spswierzno.edu.pl\/index.php?rest_route=\/wp\/v2\/pages\/8861\/revisions\/11578"}],"wp:attachment":[{"href":"https:\/\/spswierzno.edu.pl\/index.php?rest_route=%2Fwp%2Fv2%2Fmedia&parent=8861"}],"curies":[{"name":"wp","href":"https:\/\/api.w.org\/{rel}","templated":true}]}}