{"id":8858,"date":"2025-01-16T09:51:49","date_gmt":"2025-01-16T09:51:49","guid":{"rendered":"https:\/\/spswierzno.edu.pl\/?page_id=8858"},"modified":"2025-01-21T07:44:13","modified_gmt":"2025-01-21T07:44:13","slug":"porady-dla-rodzica","status":"publish","type":"page","link":"https:\/\/spswierzno.edu.pl\/?page_id=8858","title":{"rendered":"dla rodzic\u00f3w"},"content":{"rendered":"<h3 style=\"text-align: left;\"><em>\u201eJak organizowa\u0107 dziecku warunki do nauki w domu?&#8221;<\/em><\/h3>\n<p style=\"text-align: left;\"><strong>DROGI RODZICU,<\/strong><\/p>\n<ol>\n<li style=\"text-align: left;\">Zanim dziecko zasi\u0105dzie do zeszyt\u00f3w, warto zadba\u0107, by nic go nie rozprasza\u0142o: wy\u0142\u0105czy\u0107 telewizor, radio, zamkn\u0105\u0107 drzwi do pokoju, itp. Im mniej b\u0119dzie dooko\u0142a rozpraszaj\u0105cych bod\u017ac\u00f3w, tym lepiej. Pami\u0119taj, \u017ce w pomieszczeniu, w kt\u00f3rym dziecko si\u0119 uczy, powinna panowa\u0107 <strong>CISZA<\/strong>.<\/li>\n<li style=\"text-align: left;\">Zadbaj, by dziecko mia\u0142o sw\u00f3j <strong>k\u0105cik do nauki<\/strong>, najlepiej z w\u0142asnym <strong>biurkiem i krzes\u0142em przystosowanym do wzrostu<\/strong> dziecka.<\/li>\n<li style=\"text-align: left;\">Wa\u017cne jest te\u017c, by <strong>\u015bwiat\u0142o<\/strong> pada\u0142o <strong>z lewej strony<\/strong>, gdy dziecko jest prawor\u0119czne, a <strong>z prawej<\/strong>, gdy dziecko jest lewor\u0119czne.<\/li>\n<li style=\"text-align: left;\"><strong>O\u015bwietlenie<\/strong> elektryczne <strong>nie mo\u017ce by\u0107 zbyt s\u0142abe<\/strong>, <strong>nie mo\u017ce te\u017c by\u0107<\/strong> zbyt <strong>jaskrawe<\/strong>.<\/li>\n<li style=\"text-align: left;\">Na biurku powinien panowa\u0107 porz\u0105dek, znajdowa\u0107 si\u0119 na nim powinny <strong>tylko rzeczy<\/strong> aktualnie <strong>potrzebne do nauki<\/strong>.<\/li>\n<li style=\"text-align: left;\">W pokoju nie mo\u017ce by\u0107 duszno ani zbyt gor\u0105co, <strong>optymalna temperatura<\/strong> to ok. <strong>20 \u2013 21 stopni<\/strong> Celsjusza.<\/li>\n<li style=\"line-height: 150%; text-align: left;\">Dobrze jest, by dziecko robi\u0142o w czasie nauki kr\u00f3tkie <strong>10-15-minutowe przerwy<\/strong>, np. na zrobienie herbaty czy inn\u0105 ma\u0142o absorbuj\u0105c\u0105 aktywno\u015b\u0107. Pami\u0119taj, nie mo\u017ce to by\u0107 nic, <strong>od czego b\u0119dzie je trudno oderwa\u0107<\/strong>.<\/li>\n<li style=\"line-height: 150%; text-align: left;\">Je\u015bli dziecko uczy si\u0119 \/ odrabia zadan\u0105 prac\u0119, <strong>nie przeszkadzaj mu<\/strong>. Nie pozw\u00f3l te\u017c, by robi\u0142o to rodze\u0144stwo.<\/li>\n<li style=\"line-height: 150%; text-align: left;\">Na atmosfer\u0119 nauki wp\u0142ywa r\u00f3wnie\u017c nastawienie rodzic\u00f3w do szko\u0142y i edukacji. Im bardziej <strong>rodzice wspieraj\u0105 dziecko w nauce<\/strong>, tym lepsza jest atmosfera do uczenia si\u0119.<\/li>\n<li style=\"line-height: 150%; text-align: left;\">B\u0105d\u017a gotowy do pomocy, je\u015bli dziecko ci\u0119 potrzebuje. Nie naciskaj jednak, je\u015bli o to nie prosi. Czasem lepiej je zostawi\u0107, by rozwi\u0105za\u0142o problem samo. <strong>Nie jest<\/strong> jednak <strong>dobrze<\/strong>, jak <strong>dziecko ma poczucie<\/strong>, \u017ce <strong>jest ze swoimi szkolnymi problemami samo<\/strong>.<\/li>\n<li style=\"line-height: 150%; text-align: left;\">W czasie pracy dziecka w domu dyskretnie <strong>sprawdzaj<\/strong>, czy rzeczywi\u015bcie <strong>si\u0119 uczy<\/strong>.<\/li>\n<li style=\"line-height: 150%; text-align: left;\">W <strong>m\u0142odszych klasach<\/strong> sprawdzaj, <strong>czy dziecko odrobi\u0142o<\/strong> wszystko, co by\u0142o zadane. Miej jednak \u015bwiadomo\u015b\u0107, \u017ce w \u017cyciu ka\u017cdego rodzica przychodzi czas, \u017ce musi pozwoli\u0107 dziecku podejmowa\u0107 pewne decyzje samodzielnie, a na pewno pozwoli\u0107 mu <strong>samodzielnie si\u0119 uczy\u0107<\/strong> i ponosi\u0107 konsekwencje swoich wybor\u00f3w.<\/li>\n<li style=\"line-height: 150%; text-align: left;\">Nigdy nie zapominaj o najwi\u0119kszym narz\u0119dziu. <strong>Pochwa\u0142a<\/strong> za odrobione lekcje zawsze skutecznie <strong>dodaje dziecku skrzyde\u0142<\/strong>.<\/li>\n<\/ol>\n","protected":false},"excerpt":{"rendered":"<p>\u201eJak organizowa\u0107 dziecku warunki do nauki w domu?&#8221; DROGI RODZICU, Zanim dziecko zasi\u0105dzie do zeszyt\u00f3w, warto zadba\u0107, by nic go nie rozprasza\u0142o: wy\u0142\u0105czy\u0107 telewizor, radio, zamkn\u0105\u0107 drzwi do pokoju, itp. Im mniej b\u0119dzie dooko\u0142a rozpraszaj\u0105cych bod\u017ac\u00f3w, tym lepiej. Pami\u0119taj, \u017ce w pomieszczeniu, w kt\u00f3rym dziecko si\u0119 uczy, powinna panowa\u0107 CISZA. Zadbaj, by dziecko mia\u0142o sw\u00f3j\u2026 <span class=\"read-more\"><a href=\"https:\/\/spswierzno.edu.pl\/?page_id=8858\">Dowiedz si\u0119 wi\u0119cej &raquo;<\/a><\/span><\/p>\n","protected":false},"author":1,"featured_media":0,"parent":0,"menu_order":0,"comment_status":"closed","ping_status":"closed","template":"","meta":{"ngg_post_thumbnail":0,"footnotes":""},"class_list":["post-8858","page","type-page","status-publish","hentry"],"_links":{"self":[{"href":"https:\/\/spswierzno.edu.pl\/index.php?rest_route=\/wp\/v2\/pages\/8858","targetHints":{"allow":["GET"]}}],"collection":[{"href":"https:\/\/spswierzno.edu.pl\/index.php?rest_route=\/wp\/v2\/pages"}],"about":[{"href":"https:\/\/spswierzno.edu.pl\/index.php?rest_route=\/wp\/v2\/types\/page"}],"author":[{"embeddable":true,"href":"https:\/\/spswierzno.edu.pl\/index.php?rest_route=\/wp\/v2\/users\/1"}],"replies":[{"embeddable":true,"href":"https:\/\/spswierzno.edu.pl\/index.php?rest_route=%2Fwp%2Fv2%2Fcomments&post=8858"}],"version-history":[{"count":6,"href":"https:\/\/spswierzno.edu.pl\/index.php?rest_route=\/wp\/v2\/pages\/8858\/revisions"}],"predecessor-version":[{"id":8905,"href":"https:\/\/spswierzno.edu.pl\/index.php?rest_route=\/wp\/v2\/pages\/8858\/revisions\/8905"}],"wp:attachment":[{"href":"https:\/\/spswierzno.edu.pl\/index.php?rest_route=%2Fwp%2Fv2%2Fmedia&parent=8858"}],"curies":[{"name":"wp","href":"https:\/\/api.w.org\/{rel}","templated":true}]}}