{"id":8854,"date":"2025-01-16T09:50:03","date_gmt":"2025-01-16T09:50:03","guid":{"rendered":"https:\/\/spswierzno.edu.pl\/?page_id=8854"},"modified":"2025-11-12T08:55:50","modified_gmt":"2025-11-12T08:55:50","slug":"pedagog-szkolny-2","status":"publish","type":"page","link":"https:\/\/spswierzno.edu.pl\/?page_id=8854","title":{"rendered":"Pedagog specjalny"},"content":{"rendered":"<p style=\"text-align: left;\">Pedagogiem specjalnym jest pani <strong><em>mgr Beata \u015aci\u015blewska<br \/>\n<\/em><\/strong><\/p>\n<p>&nbsp;<\/p>\n<h4 style=\"text-align: left;\">Przyjmowanie interesant\u00f3w:<\/h4>\n<p style=\"text-align: left;\"><strong>wtorek<\/strong> w godz. <strong>7:30 &#8211; 14:00<\/strong><\/p>\n<p style=\"text-align: left;\"><strong>\u015broda<\/strong> w godz. <strong>13:10 &#8211; 14:50<\/strong><\/p>\n<p style=\"text-align: left;\"><strong>czwartek<\/strong> w godz. <strong>9:30 &#8211; 12:20<\/strong>, <strong>13:10 &#8211; 14:40<\/strong><\/p>\n<p style=\"text-align: left;\"><strong>pi\u0105tek<\/strong> w godz. <strong>10:20 &#8211; 12:20<\/strong><\/p>\n<p>&nbsp;<\/p>\n<p style=\"text-align: right;\"><strong><em>\u201ePozw\u00f3lmy dzieciom b\u0142\u0105dzi\u0107 i rado\u015bnie d\u0105\u017cy\u0107 do poprawy\u201d<\/em><\/strong><\/p>\n<p style=\"text-align: right;\"><strong><em>Janusz Korczak<\/em><\/strong><\/p>\n<p style=\"line-height: 150%; background: white; text-align: left;\"><b><span style=\"color: #333333;\">Do zada\u0144 pedagoga specjalnego nale\u017cy:<\/span><\/b><\/p>\n<p style=\"line-height: 150%; background: white; text-align: left;\"><span style=\"color: #333333;\">1. Wsp\u00f3\u0142praca z zespo\u0142em maj\u0105cym opracowa\u0107 dokumentacj\u0119 dla uczni\u00f3w posiadaj\u0105cych orzeczenie o <strong>potrzebie kszta\u0142cenia specjalnego<\/strong> w tym IPET i WOPFU.<\/span><\/p>\n<p style=\"line-height: 150%; background: white; text-align: left;\"><span style=\"color: #333333;\">2. <strong>Wsp\u00f3\u0142praca<\/strong> z nauczycielami, wychowawcami, ale tak\u017ce innymi specjalistami zatrudnionymi w szkole i w plac\u00f3wkach wspieraj\u0105cych uczni\u00f3w,&nbsp; ale tak\u017ce z rodzicami oraz uczniami. <\/span><\/p>\n<p style=\"line-height: 150%; background: white; text-align: left;\"><span style=\"color: #333333;\">3. <strong>Wspieranie<\/strong> nauczycieli, wychowawc\u00f3w, grup wychowawczych i innych specjalist\u00f3w w kontek\u015bcie doboru metod, form pracy, okre\u015blaniu potrzeb uczni\u00f3w, ale tak\u017ce ich mocnych stron.&nbsp;<\/span><\/p>\n<p style=\"line-height: 150%; background: white; text-align: left;\"><span style=\"color: #333333;\">4. Udzielanie <strong>pomocy psychologiczno-pedagogicznej<\/strong> uczniom, rodzicom ale tak\u017ce nauczycielom.<\/span><\/p>\n<p style=\"line-height: 150%; background: white; text-align: left;\"><span style=\"color: #333333;\">5. <strong>Wsp\u00f3\u0142praca<\/strong> z podmiotami i instytucjami dzia\u0142aj\u0105cymi <strong>na rzecz dziecka i rodziny<\/strong>, w tym&nbsp;<\/span><span style=\"color: #333333;\">np. z:<br \/>\n<\/span><\/p>\n<p style=\"line-height: 150%; background: white; text-align: left;\"><span style=\"color: #333333;\">&#8211; poradniami psychologiczno-pedagogicznymi, w tym poradniami specjalistycznymi,<\/span><\/p>\n<p style=\"line-height: 150%; background: white; text-align: left;\"><span style=\"color: #333333;\">&#8211; plac\u00f3wkami doskonalenia nauczycieli,<\/span><\/p>\n<p style=\"line-height: 150%; background: white; text-align: left;\"><span style=\"color: #333333;\">&#8211; innymi przedszkolami, szko\u0142ami i plac\u00f3wkami,<\/span><\/p>\n<p style=\"line-height: 150%; background: white; text-align: left;\"><span style=\"color: #333333;\">&#8211; pracownikiem socjalnym,<\/span><\/p>\n<p style=\"line-height: 150%; background: white; text-align: left;\"><span style=\"color: #333333;\">&#8211; asystentem rodziny,<\/span><\/p>\n<p style=\"line-height: 150%; background: white; text-align: left;\"><span style=\"color: #333333;\">&#8211; kuratorem s\u0105dowym i innymi.<\/span><\/p>\n<p style=\"text-align: left;\">&nbsp;<\/p>\n","protected":false},"excerpt":{"rendered":"<p>Pedagogiem specjalnym jest pani mgr Beata \u015aci\u015blewska &nbsp; Przyjmowanie interesant\u00f3w: wtorek w godz. 7:30 &#8211; 14:00 \u015broda w godz. 13:10 &#8211; 14:50 czwartek w godz. 9:30 &#8211; 12:20, 13:10 &#8211; 14:40 pi\u0105tek w godz. 10:20 &#8211; 12:20 &nbsp; \u201ePozw\u00f3lmy dzieciom b\u0142\u0105dzi\u0107 i rado\u015bnie d\u0105\u017cy\u0107 do poprawy\u201d Janusz Korczak Do zada\u0144 pedagoga specjalnego nale\u017cy: 1. Wsp\u00f3\u0142praca\u2026 <span class=\"read-more\"><a href=\"https:\/\/spswierzno.edu.pl\/?page_id=8854\">Dowiedz si\u0119 wi\u0119cej &raquo;<\/a><\/span><\/p>\n","protected":false},"author":1,"featured_media":0,"parent":0,"menu_order":0,"comment_status":"closed","ping_status":"closed","template":"","meta":{"ngg_post_thumbnail":0,"footnotes":""},"class_list":["post-8854","page","type-page","status-publish","hentry"],"_links":{"self":[{"href":"https:\/\/spswierzno.edu.pl\/index.php?rest_route=\/wp\/v2\/pages\/8854","targetHints":{"allow":["GET"]}}],"collection":[{"href":"https:\/\/spswierzno.edu.pl\/index.php?rest_route=\/wp\/v2\/pages"}],"about":[{"href":"https:\/\/spswierzno.edu.pl\/index.php?rest_route=\/wp\/v2\/types\/page"}],"author":[{"embeddable":true,"href":"https:\/\/spswierzno.edu.pl\/index.php?rest_route=\/wp\/v2\/users\/1"}],"replies":[{"embeddable":true,"href":"https:\/\/spswierzno.edu.pl\/index.php?rest_route=%2Fwp%2Fv2%2Fcomments&post=8854"}],"version-history":[{"count":9,"href":"https:\/\/spswierzno.edu.pl\/index.php?rest_route=\/wp\/v2\/pages\/8854\/revisions"}],"predecessor-version":[{"id":11577,"href":"https:\/\/spswierzno.edu.pl\/index.php?rest_route=\/wp\/v2\/pages\/8854\/revisions\/11577"}],"wp:attachment":[{"href":"https:\/\/spswierzno.edu.pl\/index.php?rest_route=%2Fwp%2Fv2%2Fmedia&parent=8854"}],"curies":[{"name":"wp","href":"https:\/\/api.w.org\/{rel}","templated":true}]}}