{"id":8850,"date":"2025-01-16T09:47:01","date_gmt":"2025-01-16T09:47:01","guid":{"rendered":"https:\/\/spswierzno.edu.pl\/?page_id=8850"},"modified":"2025-01-16T09:49:08","modified_gmt":"2025-01-16T09:49:08","slug":"zasady-funkcjonowania","status":"publish","type":"page","link":"https:\/\/spswierzno.edu.pl\/?page_id=8850","title":{"rendered":"Zasady funkcjonowania"},"content":{"rendered":"<h3 style=\"text-align: left;\"><span style=\"color: #3f3f3f;\"><span style=\"font-family: Georgia, Helvetica, sans-serif;\"><span style=\"font-size: small;\">Do \u015bwietlicy ucz\u0119szczaj\u0105 dzieci z kl<\/span><\/span><\/span><span style=\"color: #3f3f3f;\"><span style=\"font-family: Georgia, Helvetica, sans-serif;\"><span style=\"font-size: small;\">. <\/span><\/span><\/span><span style=\"color: #3f3f3f;\"><span style=\"font-family: Georgia, Helvetica, sans-serif;\"><span style=\"font-size: small;\">I, II, III, IV,V,VI, VII i VIII, kt\u00f3re doje\u017cd\u017caj\u0105 do szko\u0142y oraz uczniowie, <strong>kt\u00f3rych rodzice pracuj\u0105<\/strong>.&nbsp;<\/span><\/span><\/span> <span style=\"color: #3f3f3f;\"><span style=\"font-family: Georgia, Helvetica, sans-serif;\"><span style=\"font-size: small;\">Opiek\u0105 s\u0105 obj\u0119te r\u00f3wnie\u017c dzieci nie zapisane do \u015bwietlicy np.: nie ucz\u0119szczaj\u0105ce na lekcje religii lub oczekuj\u0105ce na dodatkowe zaj\u0119cia pozalekcyjne (k\u00f3\u0142ka zainteresowa\u0144).<\/span><\/span><\/span> <span style=\"color: #3f3f3f;\"><span style=\"font-family: Georgia, Helvetica, sans-serif;\"><span style=\"font-size: small;\">G\u0142\u00f3wnym celem dzia\u0142alno\u015bci \u015bwietlicy jest zapewnienie dzieciom opieki wychowawczej, pomocy w nauce oraz odpowiednich warunk\u00f3w do nauki w\u0142asnej i rekreacji.<\/span><\/span><\/span><b> <\/b><\/h3>\n<p style=\"text-align: left;\"><span style=\"color: #3f3f3f;\"><span style=\"font-family: Georgia, Helvetica, sans-serif;\"><span style=\"font-size: small;\"><b><strong>Podstawowe formy pracy w \u015bwietlicy to:<\/strong><\/b><\/span><\/span><\/span><\/p>\n<ul>\n<li><span style=\"color: #3f3f3f;\"><span style=\"font-family: Georgia, Helvetica, sans-serif;\"><span style=\"font-size: small;\">gry i zabawy ruchowe z elementami wychowania fizycznego i sportu (w sali i na boisku),<\/span><\/span><\/span><\/li>\n<li><span style=\"color: #3f3f3f;\"><span style=\"font-family: Georgia, Helvetica, sans-serif;\"><span style=\"font-size: small;\">gry stolikowe (dydaktyczne, strategiczne, towarzysko \u2013 rozrywkowe itp.),<\/span><\/span><\/span><\/li>\n<li><span style=\"color: #3f3f3f;\"><span style=\"font-family: Georgia, Helvetica, sans-serif;\"><span style=\"font-size: small;\">zaj\u0119cia artystyczno \u2013 techniczne i plastyczne,<\/span><\/span><\/span><\/li>\n<li><span style=\"color: #3f3f3f;\"><span style=\"font-family: Georgia, Helvetica, sans-serif;\"><span style=\"font-size: small;\">zaj\u0119cia rozwijaj\u0105ce horyzonty umys\u0142owe: czytanie, ogl\u0105danie program\u00f3w telewizyjnych i film\u00f3w video , DVD, rozrywki umys\u0142owe,<\/span><\/span><\/span><\/li>\n<li><span style=\"color: #3f3f3f;\"><span style=\"font-family: Georgia, Helvetica, sans-serif;\"><span style=\"font-size: small;\">zaj\u0119cia dydaktyczno \u2013 wychowawcze z zakresu profilaktyki zdrowia, higieny i bezpiecze\u0144stwa.<\/span><\/span><\/span><\/li>\n<\/ul>\n<h3 style=\"text-align: left;\"><span style=\"color: #3f3f3f;\"><span style=\"font-family: Georgia, Helvetica, sans-serif;\"><span style=\"font-size: small;\">Wsp\u00f3lnie z dzie\u0107mi przygotowywane s\u0105 gazetki tematyczne i okoliczno\u015bciowe.<\/span><\/span><\/span><\/h3>\n<h3 style=\"text-align: left;\"><span style=\"color: #3f3f3f;\"><span style=\"font-family: Georgia, Helvetica, sans-serif;\"><span style=\"font-size: small;\">Podczas pobytu dzieci w \u015bwietlicy stwarzamy warunki do odrabiania pracy domowej. Dzieci maj\u0105 zorganizowan\u0105 pomoc kole\u017ce\u0144sk\u0105, jak r\u00f3wnie\u017c mog\u0105 liczy\u0107 na pomoc ze strony wychowawc\u00f3w \u015bwietlicy.<\/span><\/span><\/span><\/h3>\n<p>&nbsp;<\/p>\n","protected":false},"excerpt":{"rendered":"<p>Do \u015bwietlicy ucz\u0119szczaj\u0105 dzieci z kl. I, II, III, IV,V,VI, VII i VIII, kt\u00f3re doje\u017cd\u017caj\u0105 do szko\u0142y oraz uczniowie, kt\u00f3rych rodzice pracuj\u0105.&nbsp; Opiek\u0105 s\u0105 obj\u0119te r\u00f3wnie\u017c dzieci nie zapisane do \u015bwietlicy np.: nie ucz\u0119szczaj\u0105ce na lekcje religii lub oczekuj\u0105ce na dodatkowe zaj\u0119cia pozalekcyjne (k\u00f3\u0142ka zainteresowa\u0144). G\u0142\u00f3wnym celem dzia\u0142alno\u015bci \u015bwietlicy jest zapewnienie dzieciom opieki wychowawczej, pomocy\u2026 <span class=\"read-more\"><a href=\"https:\/\/spswierzno.edu.pl\/?page_id=8850\">Dowiedz si\u0119 wi\u0119cej &raquo;<\/a><\/span><\/p>\n","protected":false},"author":1,"featured_media":0,"parent":0,"menu_order":0,"comment_status":"closed","ping_status":"closed","template":"","meta":{"ngg_post_thumbnail":0,"footnotes":""},"class_list":["post-8850","page","type-page","status-publish","hentry"],"_links":{"self":[{"href":"https:\/\/spswierzno.edu.pl\/index.php?rest_route=\/wp\/v2\/pages\/8850","targetHints":{"allow":["GET"]}}],"collection":[{"href":"https:\/\/spswierzno.edu.pl\/index.php?rest_route=\/wp\/v2\/pages"}],"about":[{"href":"https:\/\/spswierzno.edu.pl\/index.php?rest_route=\/wp\/v2\/types\/page"}],"author":[{"embeddable":true,"href":"https:\/\/spswierzno.edu.pl\/index.php?rest_route=\/wp\/v2\/users\/1"}],"replies":[{"embeddable":true,"href":"https:\/\/spswierzno.edu.pl\/index.php?rest_route=%2Fwp%2Fv2%2Fcomments&post=8850"}],"version-history":[{"count":2,"href":"https:\/\/spswierzno.edu.pl\/index.php?rest_route=\/wp\/v2\/pages\/8850\/revisions"}],"predecessor-version":[{"id":8853,"href":"https:\/\/spswierzno.edu.pl\/index.php?rest_route=\/wp\/v2\/pages\/8850\/revisions\/8853"}],"wp:attachment":[{"href":"https:\/\/spswierzno.edu.pl\/index.php?rest_route=%2Fwp%2Fv2%2Fmedia&parent=8850"}],"curies":[{"name":"wp","href":"https:\/\/api.w.org\/{rel}","templated":true}]}}