{"id":7642,"date":"2024-09-30T09:01:52","date_gmt":"2024-09-30T09:01:52","guid":{"rendered":"https:\/\/spswierzno.edu.pl\/?page_id=7642"},"modified":"2024-10-16T06:12:41","modified_gmt":"2024-10-16T06:12:41","slug":"maly-mistrz","status":"publish","type":"page","link":"https:\/\/spswierzno.edu.pl\/?page_id=7642","title":{"rendered":"Ma\u0142y Mistrz"},"content":{"rendered":"<p style=\"text-align: left;\">Od roku szkolnego <strong>2024\/2025<\/strong> uczniowie naszej szko\u0142y bior\u0105 udzia\u0142 w programie <strong> \u201eMa\u0142y Mistrz\u201d<\/strong>.<\/p>\n<p style=\"text-align: left;\"><strong>Program \u201eMa\u0142y Mistrz\u201d<\/strong> to inicjatywa <strong>Ministerstwa Sportu i Turystyki<\/strong> realizowana przez <strong>Szkolny Zwi\u0105zek Sportowy<\/strong>, maj\u0105ca na celu popraw\u0119 zdrowia i sprawno\u015bci fizycznej uczni\u00f3w <strong>klas I-III<\/strong> poprzez zaj\u0119cia sportowe prowadzone przez wykwalifikowanych nauczycieli. Nauczyciele uczestnicz\u0105cy w programie zostan\u0105 przeszkoleni przez ekspert\u00f3w podczas specjalnych konferencji oraz dodatkowych szkole\u0144 w trakcie roku szkolnego.<\/p>\n<p style=\"text-align: left;\">Program \u201eMa\u0142y Mistrz\u201d \u2013 obok innych, realizowanych program\u00f3w &#8211; jest odpowiedzi\u0105 Ministerstwa Sportu i Turystyki i pozosta\u0142ych interesariuszy na rosn\u0105cy <strong>problem oty\u0142o\u015bci<\/strong> i <strong>spadku aktywno\u015bci fizycznej<\/strong> w\u015br\u00f3d najm\u0142odszych.<\/p>\n<p style=\"text-align: left;\">Za\u0142o\u017cenia programu, cele i spos\u00f3b realizacji wraz z dokumentami wymaganymi w procesie jego realizacji mo\u017cna znale\u017a\u0107 pod tym linkiem: <a href=\"https:\/\/malymistrz.szs.pl\/\">https:\/\/malymistrz.szs.pl\/<\/a><\/p>\nngg_shortcode_0_placeholder\n","protected":false},"excerpt":{"rendered":"<p>Od roku szkolnego 2024\/2025 uczniowie naszej szko\u0142y bior\u0105 udzia\u0142 w programie \u201eMa\u0142y Mistrz\u201d. Program \u201eMa\u0142y Mistrz\u201d to inicjatywa Ministerstwa Sportu i Turystyki realizowana przez Szkolny Zwi\u0105zek Sportowy, maj\u0105ca na celu popraw\u0119 zdrowia i sprawno\u015bci fizycznej uczni\u00f3w klas I-III poprzez zaj\u0119cia sportowe prowadzone przez wykwalifikowanych nauczycieli. Nauczyciele uczestnicz\u0105cy w programie zostan\u0105 przeszkoleni przez ekspert\u00f3w podczas specjalnych\u2026 <span class=\"read-more\"><a href=\"https:\/\/spswierzno.edu.pl\/?page_id=7642\">Dowiedz si\u0119 wi\u0119cej &raquo;<\/a><\/span><\/p>\n","protected":false},"author":1,"featured_media":7641,"parent":0,"menu_order":0,"comment_status":"closed","ping_status":"closed","template":"","meta":{"ngg_post_thumbnail":0,"footnotes":""},"class_list":["post-7642","page","type-page","status-publish","has-post-thumbnail","hentry"],"_links":{"self":[{"href":"https:\/\/spswierzno.edu.pl\/index.php?rest_route=\/wp\/v2\/pages\/7642","targetHints":{"allow":["GET"]}}],"collection":[{"href":"https:\/\/spswierzno.edu.pl\/index.php?rest_route=\/wp\/v2\/pages"}],"about":[{"href":"https:\/\/spswierzno.edu.pl\/index.php?rest_route=\/wp\/v2\/types\/page"}],"author":[{"embeddable":true,"href":"https:\/\/spswierzno.edu.pl\/index.php?rest_route=\/wp\/v2\/users\/1"}],"replies":[{"embeddable":true,"href":"https:\/\/spswierzno.edu.pl\/index.php?rest_route=%2Fwp%2Fv2%2Fcomments&post=7642"}],"version-history":[{"count":5,"href":"https:\/\/spswierzno.edu.pl\/index.php?rest_route=\/wp\/v2\/pages\/7642\/revisions"}],"predecessor-version":[{"id":7650,"href":"https:\/\/spswierzno.edu.pl\/index.php?rest_route=\/wp\/v2\/pages\/7642\/revisions\/7650"}],"wp:featuredmedia":[{"embeddable":true,"href":"https:\/\/spswierzno.edu.pl\/index.php?rest_route=\/wp\/v2\/media\/7641"}],"wp:attachment":[{"href":"https:\/\/spswierzno.edu.pl\/index.php?rest_route=%2Fwp%2Fv2%2Fmedia&parent=7642"}],"curies":[{"name":"wp","href":"https:\/\/api.w.org\/{rel}","templated":true}]}}