{"id":7312,"date":"2024-09-24T07:25:15","date_gmt":"2024-09-24T07:25:15","guid":{"rendered":"https:\/\/spswierzno.edu.pl\/?page_id=7312"},"modified":"2024-11-06T11:40:59","modified_gmt":"2024-11-06T11:40:59","slug":"dokumenty-rekrutacyjne-edukacja-wlaczajaca","status":"publish","type":"page","link":"https:\/\/spswierzno.edu.pl\/?page_id=7312","title":{"rendered":"Dokumenty rekrutacyjne &#8211; EDUKACJA W\u0141\u0104CZAJ\u0104CA"},"content":{"rendered":"<p style=\"text-align: left;\">Dokumenty do projektu &#8211; kliknij ikon\u0119 <img decoding=\"async\" class=\"wp-image-7319 alignnone\" src=\"https:\/\/spswierzno.edu.pl\/wp-content\/uploads\/2024\/09\/original-300x269.jpg\" alt=\"\" width=\"36\" height=\"32\" srcset=\"https:\/\/spswierzno.edu.pl\/wp-content\/uploads\/2024\/09\/original-300x269.jpg 300w, https:\/\/spswierzno.edu.pl\/wp-content\/uploads\/2024\/09\/original.jpg 603w\" sizes=\"(max-width: 36px) 100vw, 36px\" \/> lub <img decoding=\"async\" class=\"wp-image-7318 alignnone\" src=\"https:\/\/spswierzno.edu.pl\/wp-content\/uploads\/2024\/09\/word-300x300.png\" alt=\"\" width=\"36\" height=\"36\" srcset=\"https:\/\/spswierzno.edu.pl\/wp-content\/uploads\/2024\/09\/word-300x300.png 300w, https:\/\/spswierzno.edu.pl\/wp-content\/uploads\/2024\/09\/word-150x150.png 150w, https:\/\/spswierzno.edu.pl\/wp-content\/uploads\/2024\/09\/word.png 512w\" sizes=\"(max-width: 36px) 100vw, 36px\" \/> \u017ceby pobra\u0107 dokument odpowiednio w kolorze lub czarno-bia\u0142y:<\/p>\n<ul>\n<li style=\"text-align: left;\" data-wp-editing=\"1\">Regulamin rekrutacji i uczestnictwa w projekcie&nbsp;&nbsp;&nbsp; &nbsp;&nbsp; <a href=\"https:\/\/spswierzno.edu.pl\/wp-content\/uploads\/2024\/09\/Regulamin-rekrutacji-i-uczestnictwa-w-projekcie-Edukacja-wlaczajaca-na-terenie-Gminy-Miastko.pdf\"><img decoding=\"async\" class=\"alignnone wp-image-7319\" src=\"https:\/\/spswierzno.edu.pl\/wp-content\/uploads\/2024\/09\/original-300x269.jpg\" alt=\"\" width=\"36\" height=\"32\" srcset=\"https:\/\/spswierzno.edu.pl\/wp-content\/uploads\/2024\/09\/original-300x269.jpg 300w, https:\/\/spswierzno.edu.pl\/wp-content\/uploads\/2024\/09\/original.jpg 603w\" sizes=\"(max-width: 36px) 100vw, 36px\" \/><\/a>kolor&nbsp;&nbsp;&nbsp;&nbsp; <a href=\"https:\/\/spswierzno.edu.pl\/wp-content\/uploads\/2024\/09\/Regulamin-rekrutacji-i-uczestnictwa-w-projekcie-Edukacja-wlaczajaca-na-terenie-Gminy-Miastko-monochrom.pdf\"><img loading=\"lazy\" decoding=\"async\" class=\"alignnone wp-image-7318\" src=\"https:\/\/spswierzno.edu.pl\/wp-content\/uploads\/2024\/09\/word-300x300.png\" alt=\"\" width=\"36\" height=\"36\" srcset=\"https:\/\/spswierzno.edu.pl\/wp-content\/uploads\/2024\/09\/word-300x300.png 300w, https:\/\/spswierzno.edu.pl\/wp-content\/uploads\/2024\/09\/word-150x150.png 150w, https:\/\/spswierzno.edu.pl\/wp-content\/uploads\/2024\/09\/word.png 512w\" sizes=\"(max-width: 36px) 100vw, 36px\" \/><\/a>monochrom.<\/li>\n<li data-wp-editing=\"1\">Formularz zg\u0142oszenia ucznia &nbsp; &nbsp; &nbsp; &nbsp; &nbsp; &nbsp; &nbsp; &nbsp; &nbsp; &nbsp; &nbsp; &nbsp; &nbsp; &nbsp; &nbsp; &nbsp; &nbsp; &nbsp;&nbsp; &nbsp;&nbsp; &nbsp; &nbsp; <a href=\"https:\/\/spswierzno.edu.pl\/wp-content\/uploads\/2024\/11\/Zal.1a-i-2a-Formularz-danych-uczestnika-projektu-uczen-Miastko.docx\"><img decoding=\"async\" class=\"alignnone wp-image-7319\" src=\"https:\/\/spswierzno.edu.pl\/wp-content\/uploads\/2024\/09\/original-300x269.jpg\" alt=\"\" width=\"36\" height=\"32\" srcset=\"https:\/\/spswierzno.edu.pl\/wp-content\/uploads\/2024\/09\/original-300x269.jpg 300w, https:\/\/spswierzno.edu.pl\/wp-content\/uploads\/2024\/09\/original.jpg 603w\" sizes=\"(max-width: 36px) 100vw, 36px\" \/><\/a>kolor &nbsp; &nbsp; <a href=\"https:\/\/spswierzno.edu.pl\/wp-content\/uploads\/2024\/11\/Zal.1a-i-2a-Formularz-danych-uczestnika-projektu-uczen-Miastko-monochrom.docx\"><img loading=\"lazy\" decoding=\"async\" class=\"alignnone wp-image-7318\" src=\"https:\/\/spswierzno.edu.pl\/wp-content\/uploads\/2024\/09\/word-300x300.png\" alt=\"\" width=\"36\" height=\"36\" srcset=\"https:\/\/spswierzno.edu.pl\/wp-content\/uploads\/2024\/09\/word-300x300.png 300w, https:\/\/spswierzno.edu.pl\/wp-content\/uploads\/2024\/09\/word-150x150.png 150w, https:\/\/spswierzno.edu.pl\/wp-content\/uploads\/2024\/09\/word.png 512w\" sizes=\"(max-width: 36px) 100vw, 36px\" \/><\/a>monochrom.<\/li>\n<li data-wp-editing=\"1\">Formularz zg\u0142oszenia nauczyciela &nbsp; &nbsp; &nbsp; &nbsp; &nbsp; &nbsp; &nbsp; &nbsp; &nbsp; &nbsp; &nbsp; &nbsp; &nbsp; &nbsp; &nbsp; &nbsp; &nbsp; <a href=\"https:\/\/spswierzno.edu.pl\/wp-content\/uploads\/2024\/11\/Zal.1b-i-2b-Formularz-danych-uczestnika-projektu-nauczyciel-Miastko.docx\"><img decoding=\"async\" class=\"alignnone wp-image-7319\" src=\"https:\/\/spswierzno.edu.pl\/wp-content\/uploads\/2024\/09\/original-300x269.jpg\" alt=\"\" width=\"36\" height=\"32\" srcset=\"https:\/\/spswierzno.edu.pl\/wp-content\/uploads\/2024\/09\/original-300x269.jpg 300w, https:\/\/spswierzno.edu.pl\/wp-content\/uploads\/2024\/09\/original.jpg 603w\" sizes=\"(max-width: 36px) 100vw, 36px\" \/><\/a>kolor &nbsp; &nbsp; <a href=\"https:\/\/spswierzno.edu.pl\/wp-content\/uploads\/2024\/11\/Zal.1b-i-2b-Formularz-danych-uczestnika-projektu-nauczyciel-Miastko-monochrom.docx\"><img loading=\"lazy\" decoding=\"async\" class=\"alignnone wp-image-7318\" src=\"https:\/\/spswierzno.edu.pl\/wp-content\/uploads\/2024\/09\/word-300x300.png\" alt=\"\" width=\"36\" height=\"36\" srcset=\"https:\/\/spswierzno.edu.pl\/wp-content\/uploads\/2024\/09\/word-300x300.png 300w, https:\/\/spswierzno.edu.pl\/wp-content\/uploads\/2024\/09\/word-150x150.png 150w, https:\/\/spswierzno.edu.pl\/wp-content\/uploads\/2024\/09\/word.png 512w\" sizes=\"(max-width: 36px) 100vw, 36px\" \/><\/a>monochrom.<\/li>\n<li data-wp-editing=\"1\">Klauzula RODO &nbsp; &nbsp; &nbsp; &nbsp; &nbsp; &nbsp; &nbsp; &nbsp; &nbsp; &nbsp; &nbsp; &nbsp; &nbsp; &nbsp; &nbsp; &nbsp; &nbsp; &nbsp; &nbsp; &nbsp; &nbsp; &nbsp; &nbsp; &nbsp; &nbsp; &nbsp; &nbsp; &nbsp; &nbsp; &nbsp; &nbsp;&nbsp; &nbsp; &nbsp;&nbsp;&nbsp; <a href=\"https:\/\/spswierzno.edu.pl\/wp-content\/uploads\/2024\/09\/Zal.-3-Klauzula-informacyjna-dotyczaca-przetwarzania-danych-osobowych-Miastko.docx\"><img decoding=\"async\" class=\"alignnone wp-image-7319\" src=\"https:\/\/spswierzno.edu.pl\/wp-content\/uploads\/2024\/09\/original-300x269.jpg\" alt=\"\" width=\"36\" height=\"32\" srcset=\"https:\/\/spswierzno.edu.pl\/wp-content\/uploads\/2024\/09\/original-300x269.jpg 300w, https:\/\/spswierzno.edu.pl\/wp-content\/uploads\/2024\/09\/original.jpg 603w\" sizes=\"(max-width: 36px) 100vw, 36px\" \/><\/a>kolor &nbsp; &nbsp; <a href=\"https:\/\/spswierzno.edu.pl\/wp-content\/uploads\/2024\/09\/Zal.-3-Klauzula-informacyjna-dotyczaca-przetwarzania-danych-osobowych-Miastko-monochrom.docx\"><img loading=\"lazy\" decoding=\"async\" class=\"alignnone wp-image-7318\" src=\"https:\/\/spswierzno.edu.pl\/wp-content\/uploads\/2024\/09\/word-300x300.png\" alt=\"\" width=\"36\" height=\"36\" srcset=\"https:\/\/spswierzno.edu.pl\/wp-content\/uploads\/2024\/09\/word-300x300.png 300w, https:\/\/spswierzno.edu.pl\/wp-content\/uploads\/2024\/09\/word-150x150.png 150w, https:\/\/spswierzno.edu.pl\/wp-content\/uploads\/2024\/09\/word.png 512w\" sizes=\"(max-width: 36px) 100vw, 36px\" \/><\/a>monochrom.<\/li>\n<li data-wp-editing=\"1\">Karta oceny formularza rekrutacyjnego &nbsp; &nbsp;&nbsp;&nbsp;&nbsp;&nbsp;&nbsp;&nbsp;&nbsp;&nbsp;&nbsp;&nbsp;&nbsp;&nbsp;&nbsp;&nbsp;&nbsp; &nbsp; &nbsp; <a href=\"https:\/\/spswierzno.edu.pl\/wp-content\/uploads\/2024\/09\/Zal.-4-Karta-oceny-formularza-Miastko.docx\"><img decoding=\"async\" class=\"alignnone wp-image-7319\" src=\"https:\/\/spswierzno.edu.pl\/wp-content\/uploads\/2024\/09\/original-300x269.jpg\" alt=\"\" width=\"36\" height=\"32\" srcset=\"https:\/\/spswierzno.edu.pl\/wp-content\/uploads\/2024\/09\/original-300x269.jpg 300w, https:\/\/spswierzno.edu.pl\/wp-content\/uploads\/2024\/09\/original.jpg 603w\" sizes=\"(max-width: 36px) 100vw, 36px\" \/><\/a>kolor&nbsp;&nbsp;&nbsp;&nbsp; <a href=\"https:\/\/spswierzno.edu.pl\/wp-content\/uploads\/2024\/09\/Zal.-4-Karta-oceny-formularza-Miastko-monochrom.docx\"><img loading=\"lazy\" decoding=\"async\" class=\"alignnone wp-image-7318\" src=\"https:\/\/spswierzno.edu.pl\/wp-content\/uploads\/2024\/09\/word-300x300.png\" alt=\"\" width=\"36\" height=\"36\" srcset=\"https:\/\/spswierzno.edu.pl\/wp-content\/uploads\/2024\/09\/word-300x300.png 300w, https:\/\/spswierzno.edu.pl\/wp-content\/uploads\/2024\/09\/word-150x150.png 150w, https:\/\/spswierzno.edu.pl\/wp-content\/uploads\/2024\/09\/word.png 512w\" sizes=\"(max-width: 36px) 100vw, 36px\" \/><\/a>monochrom. &nbsp;&nbsp;&nbsp;&nbsp;&nbsp;&nbsp;&nbsp;&nbsp;&nbsp;&nbsp;&nbsp;&nbsp;&nbsp;&nbsp;&nbsp;&nbsp;&nbsp;&nbsp;&nbsp;&nbsp;&nbsp;&nbsp;&nbsp;&nbsp;&nbsp;&nbsp;&nbsp;&nbsp;&nbsp;&nbsp;&nbsp;&nbsp;&nbsp;&nbsp;&nbsp;&nbsp;<\/li>\n<\/ul>\n","protected":false},"excerpt":{"rendered":"<p>Dokumenty do projektu &#8211; kliknij ikon\u0119 lub \u017ceby pobra\u0107 dokument odpowiednio w kolorze lub czarno-bia\u0142y: Regulamin rekrutacji i uczestnictwa w projekcie&nbsp;&nbsp;&nbsp; &nbsp;&nbsp; kolor&nbsp;&nbsp;&nbsp;&nbsp; monochrom. Formularz zg\u0142oszenia ucznia &nbsp; &nbsp; &nbsp; &nbsp; &nbsp; &nbsp; &nbsp; &nbsp; &nbsp; &nbsp; &nbsp; &nbsp; &nbsp; &nbsp; &nbsp; &nbsp; &nbsp; &nbsp;&nbsp; &nbsp;&nbsp; &nbsp; &nbsp; kolor &nbsp; &nbsp; monochrom. Formularz zg\u0142oszenia nauczyciela\u2026 <span class=\"read-more\"><a href=\"https:\/\/spswierzno.edu.pl\/?page_id=7312\">Dowiedz si\u0119 wi\u0119cej &raquo;<\/a><\/span><\/p>\n","protected":false},"author":1,"featured_media":7296,"parent":0,"menu_order":0,"comment_status":"closed","ping_status":"closed","template":"","meta":{"ngg_post_thumbnail":0,"footnotes":""},"class_list":["post-7312","page","type-page","status-publish","has-post-thumbnail","hentry"],"_links":{"self":[{"href":"https:\/\/spswierzno.edu.pl\/index.php?rest_route=\/wp\/v2\/pages\/7312","targetHints":{"allow":["GET"]}}],"collection":[{"href":"https:\/\/spswierzno.edu.pl\/index.php?rest_route=\/wp\/v2\/pages"}],"about":[{"href":"https:\/\/spswierzno.edu.pl\/index.php?rest_route=\/wp\/v2\/types\/page"}],"author":[{"embeddable":true,"href":"https:\/\/spswierzno.edu.pl\/index.php?rest_route=\/wp\/v2\/users\/1"}],"replies":[{"embeddable":true,"href":"https:\/\/spswierzno.edu.pl\/index.php?rest_route=%2Fwp%2Fv2%2Fcomments&post=7312"}],"version-history":[{"count":17,"href":"https:\/\/spswierzno.edu.pl\/index.php?rest_route=\/wp\/v2\/pages\/7312\/revisions"}],"predecessor-version":[{"id":8046,"href":"https:\/\/spswierzno.edu.pl\/index.php?rest_route=\/wp\/v2\/pages\/7312\/revisions\/8046"}],"wp:featuredmedia":[{"embeddable":true,"href":"https:\/\/spswierzno.edu.pl\/index.php?rest_route=\/wp\/v2\/media\/7296"}],"wp:attachment":[{"href":"https:\/\/spswierzno.edu.pl\/index.php?rest_route=%2Fwp%2Fv2%2Fmedia&parent=7312"}],"curies":[{"name":"wp","href":"https:\/\/api.w.org\/{rel}","templated":true}]}}