{"id":7275,"date":"2024-09-24T06:00:20","date_gmt":"2024-09-24T06:00:20","guid":{"rendered":"https:\/\/spswierzno.edu.pl\/?page_id=7275"},"modified":"2024-11-06T11:31:24","modified_gmt":"2024-11-06T11:31:24","slug":"edukacja-wlaczajaca","status":"publish","type":"page","link":"https:\/\/spswierzno.edu.pl\/?page_id=7275","title":{"rendered":"Edukacja w\u0142\u0105czaj\u0105ca"},"content":{"rendered":"<p><img fetchpriority=\"high\" decoding=\"async\" class=\"aligncenter wp-image-7281 size-full\" src=\"https:\/\/spswierzno.edu.pl\/wp-content\/uploads\/2024\/09\/pasek-logotypow-fep-21-27-poziomy-kolorowy-JPG.jpg\" alt=\"\" width=\"1689\" height=\"156\" srcset=\"https:\/\/spswierzno.edu.pl\/wp-content\/uploads\/2024\/09\/pasek-logotypow-fep-21-27-poziomy-kolorowy-JPG.jpg 1689w, https:\/\/spswierzno.edu.pl\/wp-content\/uploads\/2024\/09\/pasek-logotypow-fep-21-27-poziomy-kolorowy-JPG-300x28.jpg 300w, https:\/\/spswierzno.edu.pl\/wp-content\/uploads\/2024\/09\/pasek-logotypow-fep-21-27-poziomy-kolorowy-JPG-1024x95.jpg 1024w, https:\/\/spswierzno.edu.pl\/wp-content\/uploads\/2024\/09\/pasek-logotypow-fep-21-27-poziomy-kolorowy-JPG-768x71.jpg 768w, https:\/\/spswierzno.edu.pl\/wp-content\/uploads\/2024\/09\/pasek-logotypow-fep-21-27-poziomy-kolorowy-JPG-1536x142.jpg 1536w, https:\/\/spswierzno.edu.pl\/wp-content\/uploads\/2024\/09\/pasek-logotypow-fep-21-27-poziomy-kolorowy-JPG-660x61.jpg 660w\" sizes=\"(max-width: 1689px) 100vw, 1689px\" \/><\/p>\n<p style=\"text-align: left;\">Trwa <strong>rekrutacja do projektu <em>&#8222;Edukacja w\u0142\u0105czaj\u0105ca na terenie Gminy Miastko&#8221;<\/em><\/strong> wsp\u00f3\u0142finansowanego ze \u015brodk\u00f3w Europejskiego Funduszu Spo\u0142ecznego plus (EFS+) Priorytet 5 Fundusze Europejskie dla silnego spo\u0142ecznie Pomorza z EFS+, Dzia\u0142anie 5.8. Edukacja og\u00f3lna i zawodowa w ramach programu Fundusze Europejskie dla Pomorza 2021-2027 (FEP 2021-2027) nr FEPM.05.08-IZ.00-0056\/23.<\/p>\n<p style=\"text-align: left;\">Celem projektu jest wsparcie uczni\u00f3w z niepe\u0142nosprawno\u015bciami, zaburzeniami zachowania i emocji, z trudno\u015bciami w nauce oraz wsparcie kadry w zakresie podnoszenia jako\u015bci edukacji w\u0142\u0105czaj\u0105cej na terenie Gminy Miastko.<\/p>\n<p style=\"text-align: left;\">Szczeg\u00f3\u0142owe informacje zosta\u0142y zawarte w <strong>regulaminie rekrutacji<\/strong> <strong>i uczestnictwa w projekcie<\/strong>. &nbsp;<\/p>\n<h4 style=\"text-align: left;\"><strong>Dokumenty powi\u0105zane z realizacj\u0105 projektu<\/strong>:<\/h4>\n<ol>\n<li style=\"text-align: left;\">\n<h4><a href=\"https:\/\/spswierzno.edu.pl\/wp-content\/uploads\/2024\/09\/Regulamin-rekrutacji-i-uczestnictwa-w-projekcie-Edukacja-wlaczajaca-na-terenie-Gminy-Miastko.pdf\"><strong>Regulamin rekrutacji i uczestnictwa w projekcie<\/strong><\/a><\/h4>\n<\/li>\n<li style=\"text-align: left;\">\n<h4>Druki do wype\u0142nienia przez uczestnika projektu:<\/h4>\n<\/li>\n<\/ol>\n<ul>\n<li style=\"text-align: left;\">\n<h4>&nbsp;&nbsp; <a href=\"https:\/\/spswierzno.edu.pl\/wp-content\/uploads\/2024\/11\/Zal.1a-i-2a-Formularz-danych-uczestnika-projektu-uczen-Miastko.docx\"><strong>Formularz zg\u0142oszeniowy ucznia<\/strong><\/a><\/h4>\n<\/li>\n<li style=\"text-align: left;\">\n<h4><strong>&nbsp;&nbsp; <a href=\"https:\/\/spswierzno.edu.pl\/wp-content\/uploads\/2024\/11\/Zal.1b-i-2b-Formularz-danych-uczestnika-projektu-nauczyciel-Miastko.docx\">Formularz zg\u0142oszeniowy nauczyciela<\/a><\/strong><\/h4>\n<\/li>\n<li style=\"text-align: left;\">\n<h4><strong>&nbsp;&nbsp; <a href=\"https:\/\/spswierzno.edu.pl\/wp-content\/uploads\/2024\/09\/Zal.-3-Klauzula-informacyjna-dotyczaca-przetwarzania-danych-osobowych-Miastko.docx\">Klauzula RODO<\/a><\/strong><\/h4>\n<\/li>\n<li style=\"text-align: left;\">\n<h4><strong>&nbsp;&nbsp; <a href=\"https:\/\/spswierzno.edu.pl\/wp-content\/uploads\/2024\/09\/Zal.-4-Karta-oceny-formularza-Miastko.docx\">Karta oceny formularza rekrutacyjnego<\/a><\/strong><strong>&nbsp;<\/strong><\/h4>\n<\/li>\n<\/ul>\n<p>Pe\u0142ny pakiet dokument\u00f3w wraz z ich wersjami czarno-bia\u0142ymi znajd\u0105 Pa\u0144stwo TUTAJ.&nbsp;<\/p>\n<p style=\"text-align: left;\">#FunduszeUE&nbsp; #FunduszeEuropejskie<\/p>\nngg_shortcode_0_placeholder\n<p>&nbsp;<\/p>\n","protected":false},"excerpt":{"rendered":"<p>Trwa rekrutacja do projektu &#8222;Edukacja w\u0142\u0105czaj\u0105ca na terenie Gminy Miastko&#8221; wsp\u00f3\u0142finansowanego ze \u015brodk\u00f3w Europejskiego Funduszu Spo\u0142ecznego plus (EFS+) Priorytet 5 Fundusze Europejskie dla silnego spo\u0142ecznie Pomorza z EFS+, Dzia\u0142anie 5.8. Edukacja og\u00f3lna i zawodowa w ramach programu Fundusze Europejskie dla Pomorza 2021-2027 (FEP 2021-2027) nr FEPM.05.08-IZ.00-0056\/23. Celem projektu jest wsparcie uczni\u00f3w z niepe\u0142nosprawno\u015bciami, zaburzeniami zachowania\u2026 <span class=\"read-more\"><a href=\"https:\/\/spswierzno.edu.pl\/?page_id=7275\">Dowiedz si\u0119 wi\u0119cej &raquo;<\/a><\/span><\/p>\n","protected":false},"author":1,"featured_media":7296,"parent":0,"menu_order":0,"comment_status":"closed","ping_status":"closed","template":"","meta":{"ngg_post_thumbnail":0,"footnotes":""},"class_list":["post-7275","page","type-page","status-publish","has-post-thumbnail","hentry"],"_links":{"self":[{"href":"https:\/\/spswierzno.edu.pl\/index.php?rest_route=\/wp\/v2\/pages\/7275","targetHints":{"allow":["GET"]}}],"collection":[{"href":"https:\/\/spswierzno.edu.pl\/index.php?rest_route=\/wp\/v2\/pages"}],"about":[{"href":"https:\/\/spswierzno.edu.pl\/index.php?rest_route=\/wp\/v2\/types\/page"}],"author":[{"embeddable":true,"href":"https:\/\/spswierzno.edu.pl\/index.php?rest_route=\/wp\/v2\/users\/1"}],"replies":[{"embeddable":true,"href":"https:\/\/spswierzno.edu.pl\/index.php?rest_route=%2Fwp%2Fv2%2Fcomments&post=7275"}],"version-history":[{"count":13,"href":"https:\/\/spswierzno.edu.pl\/index.php?rest_route=\/wp\/v2\/pages\/7275\/revisions"}],"predecessor-version":[{"id":8035,"href":"https:\/\/spswierzno.edu.pl\/index.php?rest_route=\/wp\/v2\/pages\/7275\/revisions\/8035"}],"wp:featuredmedia":[{"embeddable":true,"href":"https:\/\/spswierzno.edu.pl\/index.php?rest_route=\/wp\/v2\/media\/7296"}],"wp:attachment":[{"href":"https:\/\/spswierzno.edu.pl\/index.php?rest_route=%2Fwp%2Fv2%2Fmedia&parent=7275"}],"curies":[{"name":"wp","href":"https:\/\/api.w.org\/{rel}","templated":true}]}}