{"id":3334,"date":"2022-10-09T10:51:08","date_gmt":"2022-10-09T10:51:08","guid":{"rendered":"https:\/\/spswierzno.edu.pl\/?page_id=3334"},"modified":"2022-12-12T08:17:12","modified_gmt":"2022-12-12T08:17:12","slug":"laboratoria-przyszlosci","status":"publish","type":"page","link":"https:\/\/spswierzno.edu.pl\/?page_id=3334","title":{"rendered":"Laboratoria przysz\u0142o\u015bci"},"content":{"rendered":"<p class=\"intro\" style=\"text-align: left;\">&#8222;<strong>Laboratoria Przysz\u0142o\u015bci<\/strong> to Program skierowany do <strong>szk\u00f3\u0142 podstawowych<\/strong> oraz og\u00f3lnokszta\u0142c\u0105cych szk\u00f3\u0142 artystycznych. Jego celem jest budowanie kompetencji kreatywnych i technicznych w\u015br\u00f3d uczni\u00f3w. W ramach Programu szko\u0142y otrzymaj\u0105 od pa\u0144stwa wsparcie finansowe na zakup wyposa\u017cenia technicznego niezb\u0119dnego do rozwoju <strong>umiej\u0119tno\u015bci praktycznych<\/strong> w\u015br\u00f3d dzieci i m\u0142odzie\u017cy.<\/p>\n<div class=\"editor-content\">\n<div>\n<p style=\"text-align: left;\"><strong>Kreatywne my\u015blenie oraz obs\u0142uga narz\u0119dzi<\/strong> to jedne z podstawowych umiej\u0119tno\u015bci decyduj\u0105cych o rozwoju cywilizacyjnym, gospodarczym i\u202fspo\u0142ecznym.&nbsp;Wzrost innowacyjno\u015bci oraz rozw\u00f3j technologiczny spowodowa\u0142, \u017ce umiej\u0119tno\u015bci matematyczne, w zakresie nauk przyrodniczych, technologii i in\u017cynierii s\u0105 dzi\u015b wa\u017cniejsze ni\u017c\u202fkiedykolwiek wcze\u015bniej. Laboratoria Przysz\u0142o\u015bci to kolejny krok w stron\u0119 wzmocnienia i uatrakcyjnienia dotychczasowego <strong>procesu zdobywania wiedzy i praktycznych umiej\u0119tno\u015bci<\/strong> w tych&nbsp;obszarach&nbsp;przez uczni\u00f3w.&nbsp;<\/p>\n<p style=\"text-align: left;\">W ramach Laboratori\u00f3w Przysz\u0142o\u015bci <strong>szko\u0142y otrzymaj\u0105 wsparcie finansowe<\/strong> na zakup wyposa\u017cenia technicznego potrzebnego w\u202fkszta\u0142towaniu i\u202frozwijaniu umiej\u0119tno\u015bci manualnych i technicznych, umiej\u0119tno\u015bci samodzielnego i krytycznego my\u015blenia, zdolno\u015bci my\u015blenia matematycznego oraz umiej\u0119tno\u015bci w zakresie nauk przyrodniczych, technologii i in\u017cynierii, stosowania <strong>technologii informacyjno-komunikacyjnych<\/strong>, jak r\u00f3wnie\u017c <strong>pracy zespo\u0142owej<\/strong>, dobrej organizacji i dbania o\u202fporz\u0105dek na stanowisku pracy oraz radzenia sobie w \u017cyciu codziennym. Pe\u0142en zakres wyposa\u017cenia mo\u017cliwego do zakupienia z pozyskanych \u015brodk\u00f3w zosta\u0142 uj\u0119ty w Katalogu wyposa\u017cenia. Katalog zawiera zar\u00f3wno wyposa\u017cenie <strong>podstawowe<\/strong> (kt\u00f3re chcemy, aby od 30 czerwca 2023 roku mia\u0142y wszystkie szko\u0142y podstawowe) jak i <strong>dodatkowe<\/strong> (dobierane swobodnie przez szko\u0142y).<\/p>\n<p style=\"text-align: left;\"><strong>Laboratoria Przysz\u0142o\u015bci to nowoczesny sprz\u0119t<\/strong>, kt\u00f3ry uatrakcyjni zaj\u0119cia szkolne i pozwol\u0105 uczniom rozwija\u0107 swoje zainteresowania nie tylko na lekcjach techniki i w\u202framach innych obowi\u0105zkowych zaj\u0119\u0107 edukacyjnych, lecz tak\u017ce w ramach zaj\u0119\u0107 pozalekcyjnych, k\u00f3\u0142 zainteresowa\u0144 i innych form rozwijania umiej\u0119tno\u015bci&#8221;.<\/p>\n<p style=\"text-align: left;\">&#8211; <strong>powy\u017csza informacja pochodzi ze strony MEiN pod adresem:<\/strong> <a href=\"https:\/\/www.gov.pl\/web\/laboratoria\/o-programie2\">https:\/\/www.gov.pl\/web\/laboratoria\/o-programie2<\/a><\/p>\nngg_shortcode_0_placeholder<\/div>\n<ul>\n<li style=\"text-align: left;\"><a href=\"https:\/\/spswierzno.edu.pl\/wp-content\/uploads\/2022\/12\/Uchwala_nr_63_Rady_Ministrow_-_Program_Laboratoria_Przyszlosci.pdf\">Uchwa\u0142a Rady Ministr\u00f3w w sprawie programu &#8222;Laboratoria Przysz\u0142o\u015bci&#8221;<\/a><\/li>\n<li style=\"text-align: left;\"><a href=\"https:\/\/spswierzno.edu.pl\/wp-content\/uploads\/2022\/12\/Komunikat_prasowy_Laboratoria_Przyszlosci_.pdf\">Komunikat prasowy Ministerstwa<\/a><\/li>\n<li style=\"text-align: left;\"><a href=\"https:\/\/spswierzno.edu.pl\/wp-content\/uploads\/2022\/12\/Stanowisko_Ministerstwa_Edukacji_i_Nauki_Ministerstwa_Finansow_i_Centrum_GovTech_.pdf\">Dokument dotycz\u0105cy wsp\u00f3\u0142pracy MEiN z Centrum GovTech odno\u015bnie realizacji programu &#8222;Laboratoria przysz\u0142o\u015bci&#8221;<\/a><\/li>\n<\/ul>\n<\/div>\n","protected":false},"excerpt":{"rendered":"<p>&#8222;Laboratoria Przysz\u0142o\u015bci to Program skierowany do szk\u00f3\u0142 podstawowych oraz og\u00f3lnokszta\u0142c\u0105cych szk\u00f3\u0142 artystycznych. Jego celem jest budowanie kompetencji kreatywnych i technicznych w\u015br\u00f3d uczni\u00f3w. W ramach Programu szko\u0142y otrzymaj\u0105 od pa\u0144stwa wsparcie finansowe na zakup wyposa\u017cenia technicznego niezb\u0119dnego do rozwoju umiej\u0119tno\u015bci praktycznych w\u015br\u00f3d dzieci i m\u0142odzie\u017cy. Kreatywne my\u015blenie oraz obs\u0142uga narz\u0119dzi to jedne z podstawowych umiej\u0119tno\u015bci decyduj\u0105cych\u2026 <span class=\"read-more\"><a href=\"https:\/\/spswierzno.edu.pl\/?page_id=3334\">Dowiedz si\u0119 wi\u0119cej &raquo;<\/a><\/span><\/p>\n","protected":false},"author":1,"featured_media":3333,"parent":0,"menu_order":0,"comment_status":"closed","ping_status":"closed","template":"","meta":{"ngg_post_thumbnail":0,"footnotes":""},"class_list":["post-3334","page","type-page","status-publish","has-post-thumbnail","hentry"],"_links":{"self":[{"href":"https:\/\/spswierzno.edu.pl\/index.php?rest_route=\/wp\/v2\/pages\/3334","targetHints":{"allow":["GET"]}}],"collection":[{"href":"https:\/\/spswierzno.edu.pl\/index.php?rest_route=\/wp\/v2\/pages"}],"about":[{"href":"https:\/\/spswierzno.edu.pl\/index.php?rest_route=\/wp\/v2\/types\/page"}],"author":[{"embeddable":true,"href":"https:\/\/spswierzno.edu.pl\/index.php?rest_route=\/wp\/v2\/users\/1"}],"replies":[{"embeddable":true,"href":"https:\/\/spswierzno.edu.pl\/index.php?rest_route=%2Fwp%2Fv2%2Fcomments&post=3334"}],"version-history":[{"count":6,"href":"https:\/\/spswierzno.edu.pl\/index.php?rest_route=\/wp\/v2\/pages\/3334\/revisions"}],"predecessor-version":[{"id":3348,"href":"https:\/\/spswierzno.edu.pl\/index.php?rest_route=\/wp\/v2\/pages\/3334\/revisions\/3348"}],"wp:featuredmedia":[{"embeddable":true,"href":"https:\/\/spswierzno.edu.pl\/index.php?rest_route=\/wp\/v2\/media\/3333"}],"wp:attachment":[{"href":"https:\/\/spswierzno.edu.pl\/index.php?rest_route=%2Fwp%2Fv2%2Fmedia&parent=3334"}],"curies":[{"name":"wp","href":"https:\/\/api.w.org\/{rel}","templated":true}]}}