{"id":10045,"date":"2025-04-29T07:33:36","date_gmt":"2025-04-29T07:33:36","guid":{"rendered":"https:\/\/spswierzno.edu.pl\/?page_id=10045"},"modified":"2025-04-29T07:40:00","modified_gmt":"2025-04-29T07:40:00","slug":"kl-1-rok-szkolny-2025-2026","status":"publish","type":"page","link":"https:\/\/spswierzno.edu.pl\/?page_id=10045","title":{"rendered":"kl. 1 rok szkolny 2025\/2026"},"content":{"rendered":"<div class=\"x11i5rnm xat24cr x1mh8g0r x1vvkbs xtlvy1s x126k92a\">\n<div dir=\"auto\" style=\"text-align: left;\"><strong>6 maja 2025 r.<\/strong> rozpoczyna si\u0119 w naszej szkole rekrutacja uczni\u00f3w do klas pierwszych na <strong>rok szkolny 2025\/2026<\/strong>.<\/div>\n<div dir=\"auto\">&nbsp;<\/div>\n<\/div>\n<div class=\"x11i5rnm xat24cr x1mh8g0r x1vvkbs xtlvy1s x126k92a\" style=\"text-align: left;\">\n<div dir=\"auto\">Rekrutacja przebiega <strong>elektronicznie<\/strong>, czyli:<\/div>\n<div dir=\"auto\">1. Nale\u017cy wype\u0142ni\u0107 <strong>wniosek online<\/strong> (formularz rejestracji poni\u017cej)<\/div>\n<div dir=\"auto\"><span class=\"html-span xdj266r x11i5rnm xat24cr x1mh8g0r xexx8yu x4uap5 x18d9i69 xkhd6sd x1hl2dhg x16tdsg8 x1vvkbs\"><a class=\"x1i10hfl xjbqb8w x1ejq31n xd10rxx x1sy0etr x17r0tee x972fbf xcfux6l x1qhh985 xm0m39n x9f619 x1ypdohk xt0psk2 xe8uvvx xdj266r x11i5rnm xat24cr x1mh8g0r xexx8yu x4uap5 x18d9i69 xkhd6sd x16tdsg8 x1hl2dhg xggy1nq x1a2a7pz xkrqix3 x1sur9pj x1fey0fg x1s688f\" href=\"https:\/\/gminamiastko.esrds.pl\/register.php\" target=\"_blank\" rel=\"noreferrer noopener\">https:\/\/gminamiastko.esrds.pl\/register.php<\/a><\/span><\/div>\n<div dir=\"auto\">2. Po wype\u0142nieniu wniosku online trzeba go <strong>wydrukowa\u0107 i podpisa\u0107<\/strong>.<\/div>\n<div dir=\"auto\">3. Podpisany wniosek prosz\u0119 <strong>przynie\u015b\u0107 do sekretariatu szko\u0142y<\/strong> wraz z wymaganymi dokumentami.<\/div>\n<div dir=\"auto\">&nbsp;<\/div>\n<\/div>\n<div class=\"x11i5rnm xat24cr x1mh8g0r x1vvkbs xtlvy1s x126k92a\" style=\"text-align: left;\">\n<div dir=\"auto\"><strong>Formularz rejestracji online dost\u0119pny tutaj:<\/strong><\/div>\n<div dir=\"auto\"><span class=\"html-span xdj266r x11i5rnm xat24cr x1mh8g0r xexx8yu x4uap5 x18d9i69 xkhd6sd x1hl2dhg x16tdsg8 x1vvkbs\"><a class=\"x1i10hfl xjbqb8w x1ejq31n xd10rxx x1sy0etr x17r0tee x972fbf xcfux6l x1qhh985 xm0m39n x9f619 x1ypdohk xt0psk2 xe8uvvx xdj266r x11i5rnm xat24cr x1mh8g0r xexx8yu x4uap5 x18d9i69 xkhd6sd x16tdsg8 x1hl2dhg xggy1nq x1a2a7pz xkrqix3 x1sur9pj x1fey0fg x1s688f\" href=\"https:\/\/gminamiastko.esrds.pl\/register.php\" target=\"_blank\" rel=\"noreferrer noopener\">https:\/\/gminamiastko.esrds.pl\/register.php<\/a><\/span><\/div>\n<div dir=\"auto\">&nbsp;<\/div>\n<\/div>\n<div class=\"x11i5rnm xat24cr x1mh8g0r x1vvkbs xtlvy1s x126k92a\" style=\"text-align: left;\">\n<div dir=\"auto\">Harmonogram rekrutacji:<\/div>\n<div dir=\"auto\"><span class=\"html-span xexx8yu x4uap5 x18d9i69 xkhd6sd x1hl2dhg x16tdsg8 x1vvkbs x3nfvp2 x1j61x8r x1fcty0u xdj266r xat24cr xgzva0m xhhsvwb xxymvpz xlup9mm x1kky2od\"><img decoding=\"async\" class=\"xz74otr x168nmei x13lgxp2 x5pf9jr xo71vjh\" src=\"https:\/\/static.xx.fbcdn.net\/images\/emoji.php\/v9\/t37\/1\/16\/2709.png\" alt=\"\u2709\ufe0f\" width=\"16\" height=\"16\"><\/span><span class=\"html-span xexx8yu x4uap5 x18d9i69 xkhd6sd x1hl2dhg x16tdsg8 x1vvkbs x3nfvp2 x1j61x8r x1fcty0u xdj266r xat24cr xgzva0m xhhsvwb xxymvpz xlup9mm x1kky2od\"><img decoding=\"async\" class=\"xz74otr x168nmei x13lgxp2 x5pf9jr xo71vjh\" src=\"https:\/\/static.xx.fbcdn.net\/images\/emoji.php\/v9\/t8c\/1\/16\/1f4bb.png\" alt=\"\ud83d\udcbb\" width=\"16\" height=\"16\"><\/span> 6\u201324 maja \u2013 sk\u0142adanie wniosk\u00f3w online i papierowo<\/div>\n<div dir=\"auto\"><span class=\"html-span xexx8yu x4uap5 x18d9i69 xkhd6sd x1hl2dhg x16tdsg8 x1vvkbs x3nfvp2 x1j61x8r x1fcty0u xdj266r xat24cr xgzva0m xhhsvwb xxymvpz xlup9mm x1kky2od\"><img decoding=\"async\" class=\"xz74otr x168nmei x13lgxp2 x5pf9jr xo71vjh\" src=\"https:\/\/static.xx.fbcdn.net\/images\/emoji.php\/v9\/t2b\/1\/16\/1f4cb.png\" alt=\"\ud83d\udccb\" width=\"16\" height=\"16\"><\/span> &nbsp;&nbsp;&nbsp; 4 czerwca \u2013 publikacja listy zakwalifikowanych i niezakwalifikowanych kandydat\u00f3w<\/div>\n<div dir=\"auto\"><span class=\"html-span xexx8yu x4uap5 x18d9i69 xkhd6sd x1hl2dhg x16tdsg8 x1vvkbs x3nfvp2 x1j61x8r x1fcty0u xdj266r xat24cr xgzva0m xhhsvwb xxymvpz xlup9mm x1kky2od\"><img loading=\"lazy\" decoding=\"async\" class=\"xz74otr x168nmei x13lgxp2 x5pf9jr xo71vjh\" src=\"https:\/\/static.xx.fbcdn.net\/images\/emoji.php\/v9\/te2\/1\/16\/270d.png\" alt=\"\u270d\ufe0f\" width=\"16\" height=\"16\"><\/span> &nbsp;&nbsp;&nbsp; 5\u201311 czerwca \u2013 potwierdzenie ch\u0119ci zapisania dziecka do szko\u0142y (prosz\u0119 przyj\u015b\u0107 osobi\u015bcie do sekretariatu)<\/div>\n<div dir=\"auto\"><span class=\"html-span xexx8yu x4uap5 x18d9i69 xkhd6sd x1hl2dhg x16tdsg8 x1vvkbs x3nfvp2 x1j61x8r x1fcty0u xdj266r xat24cr xgzva0m xhhsvwb xxymvpz xlup9mm x1kky2od\"><img loading=\"lazy\" decoding=\"async\" class=\"xz74otr x168nmei x13lgxp2 x5pf9jr xo71vjh\" src=\"https:\/\/static.xx.fbcdn.net\/images\/emoji.php\/v9\/t39\/1\/16\/1f4e2.png\" alt=\"\ud83d\udce2\" width=\"16\" height=\"16\"><\/span> &nbsp; 13 czerwca \u2013 og\u0142oszenie ostatecznej listy uczni\u00f3w przyj\u0119tych do szko\u0142y<\/div>\n<div dir=\"auto\">&nbsp;<\/div>\n<\/div>\n<div class=\"x11i5rnm xat24cr x1mh8g0r x1vvkbs xtlvy1s x126k92a\" style=\"text-align: left;\">\n<div dir=\"auto\">Godziny pracy sekretariatu:<\/div>\n<div dir=\"auto\"><span class=\"html-span xexx8yu x4uap5 x18d9i69 xkhd6sd x1hl2dhg x16tdsg8 x1vvkbs x3nfvp2 x1j61x8r x1fcty0u xdj266r xat24cr xgzva0m xhhsvwb xxymvpz xlup9mm x1kky2od\"><img loading=\"lazy\" decoding=\"async\" class=\"xz74otr x168nmei x13lgxp2 x5pf9jr xo71vjh\" src=\"https:\/\/static.xx.fbcdn.net\/images\/emoji.php\/v9\/tae\/1\/16\/1f556.png\" alt=\"\ud83d\udd56\" width=\"16\" height=\"16\"><\/span> <strong>7:00 \u2013 15:00<\/strong> &#8211; pon. &#8211; pt.<\/div>\n<div dir=\"auto\"><span class=\"html-span xexx8yu x4uap5 x18d9i69 xkhd6sd x1hl2dhg x16tdsg8 x1vvkbs x3nfvp2 x1j61x8r x1fcty0u xdj266r xat24cr xgzva0m xhhsvwb xxymvpz xlup9mm x1kky2od\"><img loading=\"lazy\" decoding=\"async\" class=\"xz74otr x168nmei x13lgxp2 x5pf9jr xo71vjh\" src=\"https:\/\/static.xx.fbcdn.net\/images\/emoji.php\/v9\/t22\/1\/16\/260e.png\" alt=\"\u260e\ufe0f\" width=\"16\" height=\"16\"><\/span> <strong>(59) 858 32 67<\/strong><\/div>\n<div dir=\"auto\">&nbsp;<\/div>\n<\/div>\n<div class=\"x11i5rnm xat24cr x1mh8g0r x1vvkbs xtlvy1s x126k92a\">\n<div dir=\"auto\">Zapraszamy do zapisania dziecka do <strong>Szko\u0142y Podstawowej im. Henryka Sienkiewicza w \u015awierznie<\/strong> \u2013 szko\u0142y otwartej dla wszystkich<span class=\"html-span xexx8yu x4uap5 x18d9i69 xkhd6sd x1hl2dhg x16tdsg8 x1vvkbs x3nfvp2 x1j61x8r x1fcty0u xdj266r xat24cr xgzva0m xhhsvwb xxymvpz xlup9mm x1kky2od\"><img loading=\"lazy\" decoding=\"async\" class=\"xz74otr x168nmei x13lgxp2 x5pf9jr xo71vjh alignnone\" src=\"https:\/\/static.xx.fbcdn.net\/images\/emoji.php\/v9\/tce\/1\/16\/1f600.png\" alt=\"\ud83d\ude00\" width=\"16\" height=\"16\"><\/span><\/div>\n<div dir=\"auto\">&nbsp;<\/div>\n<\/div>\n<div dir=\"auto\" style=\"text-align: left;\">\n<p>Rekrutacja odbywa si\u0119 na podstawie zarz\u0105dzenia Burmistrza Miastka:<\/p>\n<h4 class=\"my-3 my-md-4\"><a href=\"https:\/\/bip.miastko.pl\/pliki\/miastko\/zalaczniki\/12348\/170.pdf\">Zarz\u0105dzenie Nr 170\/IX\/2025 Burmistrza Miastka z dnia 28 lutego 2025 r.<\/a><\/h4>\n<\/div>\n","protected":false},"excerpt":{"rendered":"<p>6 maja 2025 r. rozpoczyna si\u0119 w naszej szkole rekrutacja uczni\u00f3w do klas pierwszych na rok szkolny 2025\/2026. &nbsp; Rekrutacja przebiega elektronicznie, czyli: 1. Nale\u017cy wype\u0142ni\u0107 wniosek online (formularz rejestracji poni\u017cej) https:\/\/gminamiastko.esrds.pl\/register.php 2. Po wype\u0142nieniu wniosku online trzeba go wydrukowa\u0107 i podpisa\u0107. 3. Podpisany wniosek prosz\u0119 przynie\u015b\u0107 do sekretariatu szko\u0142y wraz z wymaganymi dokumentami. &nbsp;\u2026 <span class=\"read-more\"><a href=\"https:\/\/spswierzno.edu.pl\/?page_id=10045\">Dowiedz si\u0119 wi\u0119cej &raquo;<\/a><\/span><\/p>\n","protected":false},"author":1,"featured_media":0,"parent":0,"menu_order":0,"comment_status":"closed","ping_status":"closed","template":"","meta":{"ngg_post_thumbnail":0,"footnotes":""},"class_list":["post-10045","page","type-page","status-publish","hentry"],"_links":{"self":[{"href":"https:\/\/spswierzno.edu.pl\/index.php?rest_route=\/wp\/v2\/pages\/10045","targetHints":{"allow":["GET"]}}],"collection":[{"href":"https:\/\/spswierzno.edu.pl\/index.php?rest_route=\/wp\/v2\/pages"}],"about":[{"href":"https:\/\/spswierzno.edu.pl\/index.php?rest_route=\/wp\/v2\/types\/page"}],"author":[{"embeddable":true,"href":"https:\/\/spswierzno.edu.pl\/index.php?rest_route=\/wp\/v2\/users\/1"}],"replies":[{"embeddable":true,"href":"https:\/\/spswierzno.edu.pl\/index.php?rest_route=%2Fwp%2Fv2%2Fcomments&post=10045"}],"version-history":[{"count":5,"href":"https:\/\/spswierzno.edu.pl\/index.php?rest_route=\/wp\/v2\/pages\/10045\/revisions"}],"predecessor-version":[{"id":10051,"href":"https:\/\/spswierzno.edu.pl\/index.php?rest_route=\/wp\/v2\/pages\/10045\/revisions\/10051"}],"wp:attachment":[{"href":"https:\/\/spswierzno.edu.pl\/index.php?rest_route=%2Fwp%2Fv2%2Fmedia&parent=10045"}],"curies":[{"name":"wp","href":"https:\/\/api.w.org\/{rel}","templated":true}]}}